{"id":2269,"date":"2022-07-29T01:04:25","date_gmt":"2022-07-29T01:04:25","guid":{"rendered":"https:\/\/lupus100.org\/?page_id=2269"},"modified":"2023-03-30T11:09:11","modified_gmt":"2023-03-30T11:09:11","slug":"about-lupus","status":"publish","type":"page","link":"https:\/\/lupus100.org\/ro\/about-lupus","title":{"rendered":"About lupus"},"content":{"rendered":"<div data-elementor-type=\"wp-page\" data-elementor-id=\"2269\" class=\"elementor elementor-2269\" data-elementor-post-type=\"page\">\n\t\t\t\t\t\t<section data-particle_enable=\"false\" data-particle-mobile-disabled=\"false\" class=\"elementor-section elementor-top-section elementor-element elementor-element-08a78ea elementor-section-full_width elementor-hidden-mobile elementor-section-height-default elementor-section-height-default\" data-id=\"08a78ea\" data-element_type=\"section\" data-e-type=\"section\" data-settings=\"{&quot;background_background&quot;:&quot;classic&quot;,&quot;jet_parallax_layout_list&quot;:[]}\">\n\t\t\t\t\t\t<div class=\"elementor-container elementor-column-gap-default\">\n\t\t\t\t\t<div class=\"elementor-column elementor-col-33 elementor-top-column elementor-element elementor-element-c87a221 elementor-hidden-mobile\" data-id=\"c87a221\" data-element_type=\"column\" data-e-type=\"column\" data-settings=\"{&quot;background_background&quot;:&quot;classic&quot;}\">\n\t\t\t<div class=\"elementor-widget-wrap elementor-element-populated\">\n\t\t\t\t\t\t<div class=\"elementor-element elementor-element-2a0a2c0 elementor-widget elementor-widget-text-editor\" data-id=\"2a0a2c0\" data-element_type=\"widget\" data-e-type=\"widget\" data-widget_type=\"text-editor.default\">\n\t\t\t\t<div class=\"elementor-widget-container\">\n\t\t\t\t\t\t\t\t\t<p>APROXIMATIV<\/p>\t\t\t\t\t\t\t\t<\/div>\n\t\t\t\t<\/div>\n\t\t\t\t<div class=\"elementor-element elementor-element-3da3e7a elementor-widget elementor-widget-text-editor\" data-id=\"3da3e7a\" data-element_type=\"widget\" data-e-type=\"widget\" data-widget_type=\"text-editor.default\">\n\t\t\t\t<div class=\"elementor-widget-container\">\n\t\t\t\t\t\t\t\t\t100 DE \u00ceNTREB\u0102RI\t\t\t\t\t\t\t\t<\/div>\n\t\t\t\t<\/div>\n\t\t\t\t<div class=\"elementor-element elementor-element-2f9739c elementor-widget elementor-widget-text-editor\" data-id=\"2f9739c\" data-element_type=\"widget\" data-e-type=\"widget\" data-widget_type=\"text-editor.default\">\n\t\t\t\t<div class=\"elementor-widget-container\">\n\t\t\t\t\t\t\t\t\t<p>Persoanele care tr\u0103iesc cu lupus \u0219i rudele lor, asistentele medicale, studen\u021bii la medicin\u0103 sau chiar medicii nespeciali\u0219ti se confrunt\u0103 frecvent cu \u00eentreb\u0103ri despre lupus.<\/p>\t\t\t\t\t\t\t\t<\/div>\n\t\t\t\t<\/div>\n\t\t\t\t\t<\/div>\n\t\t<\/div>\n\t\t\t\t<div class=\"elementor-column elementor-col-33 elementor-top-column elementor-element elementor-element-89d68d0\" data-id=\"89d68d0\" data-element_type=\"column\" data-e-type=\"column\">\n\t\t\t<div class=\"elementor-widget-wrap\">\n\t\t\t\t\t\t\t<\/div>\n\t\t<\/div>\n\t\t\t\t<div class=\"elementor-column elementor-col-33 elementor-top-column elementor-element elementor-element-dccd80e\" data-id=\"dccd80e\" data-element_type=\"column\" data-e-type=\"column\">\n\t\t\t<div class=\"elementor-widget-wrap\">\n\t\t\t\t\t\t\t<\/div>\n\t\t<\/div>\n\t\t\t\t\t<\/div>\n\t\t<\/section>\n\t\t\t\t<section data-particle_enable=\"false\" data-particle-mobile-disabled=\"false\" class=\"elementor-section elementor-top-section elementor-element elementor-element-d724669 elementor-section-full_width elementor-hidden-widescreen elementor-hidden-desktop elementor-hidden-laptop elementor-hidden-tablet_extra elementor-hidden-tablet elementor-hidden-mobile_extra elementor-section-height-default elementor-section-height-default\" data-id=\"d724669\" data-element_type=\"section\" data-e-type=\"section\" data-settings=\"{&quot;background_background&quot;:&quot;classic&quot;,&quot;jet_parallax_layout_list&quot;:[]}\">\n\t\t\t\t\t\t<div class=\"elementor-container elementor-column-gap-default\">\n\t\t\t\t\t<div class=\"elementor-column elementor-col-50 elementor-top-column elementor-element elementor-element-01b0de5\" data-id=\"01b0de5\" data-element_type=\"column\" data-e-type=\"column\" data-settings=\"{&quot;background_background&quot;:&quot;classic&quot;}\">\n\t\t\t<div class=\"elementor-widget-wrap elementor-element-populated\">\n\t\t\t\t\t\t<div class=\"elementor-element elementor-element-0c27c5b elementor-widget elementor-widget-image\" data-id=\"0c27c5b\" data-element_type=\"widget\" data-e-type=\"widget\" data-widget_type=\"image.default\">\n\t\t\t\t<div class=\"elementor-widget-container\">\n\t\t\t\t\t\t\t\t\t\t\t\t\t\t\t<img fetchpriority=\"high\" decoding=\"async\" width=\"800\" height=\"291\" src=\"https:\/\/lupus100.org\/wp-content\/uploads\/2022\/05\/Header-Q100-scaled-1024x373.jpg\" class=\"attachment-large size-large wp-image-716\" alt=\"\" srcset=\"https:\/\/lupus100.org\/wp-content\/uploads\/2022\/05\/Header-Q100-scaled-1024x373.jpg 1024w, https:\/\/lupus100.org\/wp-content\/uploads\/2022\/05\/Header-Q100-scaled-300x109.jpg 300w, https:\/\/lupus100.org\/wp-content\/uploads\/2022\/05\/Header-Q100-scaled-768x280.jpg 768w, https:\/\/lupus100.org\/wp-content\/uploads\/2022\/05\/Header-Q100-scaled-1536x560.jpg 1536w, https:\/\/lupus100.org\/wp-content\/uploads\/2022\/05\/Header-Q100-scaled-2048x746.jpg 2048w, https:\/\/lupus100.org\/wp-content\/uploads\/2022\/05\/Header-Q100-scaled-595xh.jpg 595w\" sizes=\"(max-width: 800px) 100vw, 800px\" \/>\t\t\t\t\t\t\t\t\t\t\t\t\t\t\t<\/div>\n\t\t\t\t<\/div>\n\t\t\t\t\t<\/div>\n\t\t<\/div>\n\t\t\t\t<div class=\"elementor-column elementor-col-50 elementor-top-column elementor-element elementor-element-31062a7\" data-id=\"31062a7\" data-element_type=\"column\" data-e-type=\"column\" data-settings=\"{&quot;background_background&quot;:&quot;classic&quot;}\">\n\t\t\t<div class=\"elementor-widget-wrap elementor-element-populated\">\n\t\t\t\t\t\t<div class=\"elementor-element elementor-element-9997be6 elementor-widget elementor-widget-text-editor\" data-id=\"9997be6\" data-element_type=\"widget\" data-e-type=\"widget\" data-widget_type=\"text-editor.default\">\n\t\t\t\t<div class=\"elementor-widget-container\">\n\t\t\t\t\t\t\t\t\t<p>APROXIMATIV<\/p>\t\t\t\t\t\t\t\t<\/div>\n\t\t\t\t<\/div>\n\t\t\t\t<div class=\"elementor-element elementor-element-9998814 elementor-widget elementor-widget-text-editor\" data-id=\"9998814\" data-element_type=\"widget\" data-e-type=\"widget\" data-widget_type=\"text-editor.default\">\n\t\t\t\t<div class=\"elementor-widget-container\">\n\t\t\t\t\t\t\t\t\t<p>IN<\/p>\t\t\t\t\t\t\t\t<\/div>\n\t\t\t\t<\/div>\n\t\t\t\t<div class=\"elementor-element elementor-element-0ce763a elementor-widget elementor-widget-text-editor\" data-id=\"0ce763a\" data-element_type=\"widget\" data-e-type=\"widget\" data-widget_type=\"text-editor.default\">\n\t\t\t\t<div class=\"elementor-widget-container\">\n\t\t\t\t\t\t\t\t\t<h1>100 DE \u00ceNTREB\u0102RI<\/h1>\t\t\t\t\t\t\t\t<\/div>\n\t\t\t\t<\/div>\n\t\t\t\t<div class=\"elementor-element elementor-element-a1483b4 elementor-widget elementor-widget-text-editor\" data-id=\"a1483b4\" data-element_type=\"widget\" data-e-type=\"widget\" data-widget_type=\"text-editor.default\">\n\t\t\t\t<div class=\"elementor-widget-container\">\n\t\t\t\t\t\t\t\t\t<p>Persoanele care tr\u0103iesc cu lupus \u0219i rudele lor, asistentele medicale, studen\u021bii la medicin\u0103 sau chiar medicii nespeciali\u0219ti se confrunt\u0103 frecvent cu \u00eentreb\u0103ri despre lupus.<\/p>\t\t\t\t\t\t\t\t<\/div>\n\t\t\t\t<\/div>\n\t\t\t\t\t<\/div>\n\t\t<\/div>\n\t\t\t\t\t<\/div>\n\t\t<\/section>\n\t\t\t\t<section data-particle_enable=\"false\" data-particle-mobile-disabled=\"false\" class=\"elementor-section elementor-top-section elementor-element elementor-element-bac61f4 elementor-section-full_width elementor-section-height-default elementor-section-height-default\" data-id=\"bac61f4\" data-element_type=\"section\" data-e-type=\"section\" data-settings=\"{&quot;jet_parallax_layout_list&quot;:[]}\">\n\t\t\t\t\t\t<div class=\"elementor-container elementor-column-gap-default\">\n\t\t\t\t\t<div class=\"elementor-column elementor-col-100 elementor-top-column elementor-element elementor-element-cbddbfb elementor-invisible\" data-id=\"cbddbfb\" data-element_type=\"column\" data-e-type=\"column\" data-settings=\"{&quot;animation&quot;:&quot;fadeInLeft&quot;}\">\n\t\t\t<div class=\"elementor-widget-wrap elementor-element-populated\">\n\t\t\t\t\t\t<div class=\"elementor-element elementor-element-b34e740 elementor-widget elementor-widget-text-editor\" data-id=\"b34e740\" data-element_type=\"widget\" data-e-type=\"widget\" data-widget_type=\"text-editor.default\">\n\t\t\t\t<div class=\"elementor-widget-container\">\n\t\t\t\t\t\t\t\t\t<h3>100 DE \u00ceNTREB\u0102RI PE CARE S\u0102 LE PUI DESPRE LUPUS<\/h3>\t\t\t\t\t\t\t\t<\/div>\n\t\t\t\t<\/div>\n\t\t\t\t\t<\/div>\n\t\t<\/div>\n\t\t\t\t\t<\/div>\n\t\t<\/section>\n\t\t\t\t<section data-particle_enable=\"false\" data-particle-mobile-disabled=\"false\" class=\"elementor-section elementor-top-section elementor-element elementor-element-ca9aca8 elementor-section-full_width elementor-reverse-mobile elementor-section-height-default elementor-section-height-default\" data-id=\"ca9aca8\" data-element_type=\"section\" data-e-type=\"section\" data-settings=\"{&quot;jet_parallax_layout_list&quot;:[]}\">\n\t\t\t\t\t\t<div class=\"elementor-container elementor-column-gap-wide\">\n\t\t\t\t\t<div class=\"elementor-column elementor-col-50 elementor-top-column elementor-element elementor-element-df163ec elementor-invisible\" data-id=\"df163ec\" data-element_type=\"column\" data-e-type=\"column\" data-settings=\"{&quot;animation&quot;:&quot;fadeInLeft&quot;}\">\n\t\t\t<div class=\"elementor-widget-wrap elementor-element-populated\">\n\t\t\t\t\t\t<div class=\"elementor-element elementor-element-baa6b3a elementor-widget elementor-widget-text-editor\" data-id=\"baa6b3a\" data-element_type=\"widget\" data-e-type=\"widget\" data-widget_type=\"text-editor.default\">\n\t\t\t\t<div class=\"elementor-widget-container\">\n\t\t\t\t\t\t\t\t\t<p>Persoanele care tr\u0103iesc cu lupus \u0219i rudele lor, asistentele medicale, studen\u021bii la medicin\u0103 sau chiar \u0219i medicii nespeciali\u0219ti se confrunt\u0103 adesea cu \u00eentreb\u0103ri despre lupus, boala cu 1000 de fe\u021be. \u00cen timp ce unii vor avea acces la informa\u021bii validate, prea mul\u021bi vor ajunge pe internet, unde datele necontrolate, zvonurile sau cercet\u0103rile neconfirmate le vor spori confuzia, le vor crea anxietate sau chiar \u00eei vor conduce la ac\u021biuni incorecte.<\/p><p>\u00cen 2010, sub conducerea profesorului Maxime Dougados, centrele franceze de referin\u021b\u0103 pentru lupus au abordat aceast\u0103 problem\u0103 prin publicarea unei bro\u0219uri intitulate \"100 de \u00eentreb\u0103ri despre lupus\". Aceast\u0103 bro\u0219ur\u0103 s-a bucurat rapid de succes \u00een r\u00e2ndul pacien\u021bilor \u0219i al asocia\u021biilor de pacien\u021bi \u00een Fran\u021ba \u0219i \u00een \u021b\u0103rile francofone \u00eenvecinate. Pe m\u0103sur\u0103 ce cuno\u0219tin\u021bele despre lupus au continuat s\u0103 progreseze, cartea a fost reactualizat\u0103, de fiecare dat\u0103 \u00een colaborare cu renumi\u021bi exper\u021bi francezi \u00een lupus \u0219i cu asocia\u021bii de pacien\u021bi.<\/p>\t\t\t\t\t\t\t\t<\/div>\n\t\t\t\t<\/div>\n\t\t\t\t\t<\/div>\n\t\t<\/div>\n\t\t\t\t<div class=\"elementor-column elementor-col-50 elementor-top-column elementor-element elementor-element-41f645a elementor-invisible\" data-id=\"41f645a\" data-element_type=\"column\" data-e-type=\"column\" data-settings=\"{&quot;animation&quot;:&quot;fadeInRight&quot;}\">\n\t\t\t<div class=\"elementor-widget-wrap elementor-element-populated\">\n\t\t\t\t\t\t<div class=\"elementor-element elementor-element-f7b4525 elementor-widget elementor-widget-image\" data-id=\"f7b4525\" data-element_type=\"widget\" data-e-type=\"widget\" data-widget_type=\"image.default\">\n\t\t\t\t<div class=\"elementor-widget-container\">\n\t\t\t\t\t\t\t\t\t\t\t\t\t\t\t<img decoding=\"async\" width=\"1920\" height=\"700\" src=\"https:\/\/lupus100.org\/wp-content\/uploads\/2022\/06\/Rectangle-78.jpg\" class=\"attachment-full size-full wp-image-1076\" alt=\"\" srcset=\"https:\/\/lupus100.org\/wp-content\/uploads\/2022\/06\/Rectangle-78.jpg 1920w, https:\/\/lupus100.org\/wp-content\/uploads\/2022\/06\/Rectangle-78-300x109.jpg 300w, https:\/\/lupus100.org\/wp-content\/uploads\/2022\/06\/Rectangle-78-1024x373.jpg 1024w, https:\/\/lupus100.org\/wp-content\/uploads\/2022\/06\/Rectangle-78-768x280.jpg 768w, https:\/\/lupus100.org\/wp-content\/uploads\/2022\/06\/Rectangle-78-1536x560.jpg 1536w, https:\/\/lupus100.org\/wp-content\/uploads\/2022\/06\/Rectangle-78-595xh.jpg 595w\" sizes=\"(max-width: 1920px) 100vw, 1920px\" \/>\t\t\t\t\t\t\t\t\t\t\t\t\t\t\t<\/div>\n\t\t\t\t<\/div>\n\t\t\t\t\t<\/div>\n\t\t<\/div>\n\t\t\t\t\t<\/div>\n\t\t<\/section>\n\t\t\t\t<section data-particle_enable=\"false\" data-particle-mobile-disabled=\"false\" class=\"elementor-section elementor-top-section elementor-element elementor-element-f90c984 elementor-section-full_width elementor-section-height-default elementor-section-height-default\" data-id=\"f90c984\" data-element_type=\"section\" data-e-type=\"section\" data-settings=\"{&quot;jet_parallax_layout_list&quot;:[]}\">\n\t\t\t\t\t\t<div class=\"elementor-container elementor-column-gap-wide\">\n\t\t\t\t\t<div class=\"elementor-column elementor-col-50 elementor-top-column elementor-element elementor-element-594a725 elementor-invisible\" data-id=\"594a725\" data-element_type=\"column\" data-e-type=\"column\" data-settings=\"{&quot;animation&quot;:&quot;fadeInLeft&quot;}\">\n\t\t\t<div class=\"elementor-widget-wrap elementor-element-populated\">\n\t\t\t\t\t\t<div class=\"elementor-element elementor-element-95c5ab7 elementor-widget elementor-widget-image\" data-id=\"95c5ab7\" data-element_type=\"widget\" data-e-type=\"widget\" data-widget_type=\"image.default\">\n\t\t\t\t<div class=\"elementor-widget-container\">\n\t\t\t\t\t\t\t\t\t\t\t\t\t\t\t<img decoding=\"async\" width=\"1024\" height=\"683\" src=\"https:\/\/lupus100.org\/wp-content\/uploads\/2022\/07\/13.jpg\" class=\"attachment-full size-full wp-image-2286\" alt=\"\" srcset=\"https:\/\/lupus100.org\/wp-content\/uploads\/2022\/07\/13.jpg 1024w, https:\/\/lupus100.org\/wp-content\/uploads\/2022\/07\/13-300x200.jpg 300w, https:\/\/lupus100.org\/wp-content\/uploads\/2022\/07\/13-768x512.jpg 768w, https:\/\/lupus100.org\/wp-content\/uploads\/2022\/07\/13-595xh.jpg 595w\" sizes=\"(max-width: 1024px) 100vw, 1024px\" \/>\t\t\t\t\t\t\t\t\t\t\t\t\t\t\t<\/div>\n\t\t\t\t<\/div>\n\t\t\t\t\t<\/div>\n\t\t<\/div>\n\t\t\t\t<div class=\"elementor-column elementor-col-50 elementor-top-column elementor-element elementor-element-00e15a6 elementor-invisible\" data-id=\"00e15a6\" data-element_type=\"column\" data-e-type=\"column\" data-settings=\"{&quot;animation&quot;:&quot;fadeInRight&quot;}\">\n\t\t\t<div class=\"elementor-widget-wrap elementor-element-populated\">\n\t\t\t\t\t\t<div class=\"elementor-element elementor-element-70fa008 elementor-widget elementor-widget-text-editor\" data-id=\"70fa008\" data-element_type=\"widget\" data-e-type=\"widget\" data-widget_type=\"text-editor.default\">\n\t\t\t\t<div class=\"elementor-widget-container\">\n\t\t\t\t\t\t\t\t\t<p>Asocia\u021bia Lupus Europe, fiind implicat\u0103 \u00een re\u021beaua european\u0103 de referin\u021b\u0103 ReCONNET care reune\u0219te exper\u021bi interna\u021bionali de top \u00een lupus \u0219i \u00een alte boli de \u021besut conjunctiv, a subliniat necesitatea de a avea informa\u021bii similare disponibile nu doar \u00een Fran\u021ba, ci \u00een \u00eentreaga Europ\u0103, astfel \u00eenc\u00e2t toate persoanele care tr\u0103iesc cu lupus \u00een Europa s\u0103 poat\u0103 beneficia de informa\u021bii valide \u00eentr-o limb\u0103 pe care o \u00een\u021beleg. Proiectul de traducere \u0219i de adaptare a bro\u0219urii franceze a ap\u0103rut \u0219i a fost aprobat de ERN ReCONNET \u00een 2021.<\/p><p>\u00cen ultimele luni, \u00een urma unei cooper\u0103ri \u00eentre Re\u021beaua de Consultan\u021b\u0103 a Pacien\u021bilor din Lupus Europe, medici specializa\u021bi \u00een lupus \u0219i KATANA sant\u00e9 (proprietarul seriei de 100 de \u00eentreb\u0103ri) au creat site-ul web la care a\u021bi ajuns ast\u0103zi. Lista de \u00eentreb\u0103ri a fost actualizat\u0103 pentru a lua mai bine \u00een considerare realit\u0103\u021bile europene actuale. Toate r\u0103spunsurile au fost reverificate pentru acurate\u021be \u0219i actualitate. Traducerile au fost realizate cu o aten\u021bie deosebit\u0103 pentru a asigura at\u00e2t corectitudinea, c\u00e2t \u0219i lizibilitatea pentru vorbitorii non-nativi. Sper\u0103m c\u0103 aceast\u0103 lectur\u0103 v\u0103 va ajuta s\u0103 g\u0103si\u021bi r\u0103spunsuri la \u00eentreb\u0103rile dumneavoastr\u0103 despre lupus.<\/p>\t\t\t\t\t\t\t\t<\/div>\n\t\t\t\t<\/div>\n\t\t\t\t\t<\/div>\n\t\t<\/div>\n\t\t\t\t\t<\/div>\n\t\t<\/section>\n\t\t\t\t<section data-particle_enable=\"false\" data-particle-mobile-disabled=\"false\" class=\"elementor-section elementor-top-section elementor-element elementor-element-f6e7cf7 elementor-section-full_width elementor-reverse-mobile elementor-section-height-default elementor-section-height-default\" data-id=\"f6e7cf7\" data-element_type=\"section\" data-e-type=\"section\" data-settings=\"{&quot;jet_parallax_layout_list&quot;:[]}\">\n\t\t\t\t\t\t<div class=\"elementor-container elementor-column-gap-wide\">\n\t\t\t\t\t<div class=\"elementor-column elementor-col-50 elementor-top-column elementor-element elementor-element-b427b72 elementor-invisible\" data-id=\"b427b72\" data-element_type=\"column\" data-e-type=\"column\" data-settings=\"{&quot;animation&quot;:&quot;fadeInLeft&quot;}\">\n\t\t\t<div class=\"elementor-widget-wrap elementor-element-populated\">\n\t\t\t\t\t\t<div class=\"elementor-element elementor-element-a4e18bc elementor-widget elementor-widget-text-editor\" data-id=\"a4e18bc\" data-element_type=\"widget\" data-e-type=\"widget\" data-widget_type=\"text-editor.default\">\n\t\t\t\t<div class=\"elementor-widget-container\">\n\t\t\t\t\t\t\t\t\t<p>\u00cen ceea ce prive\u0219te urm\u0103torii pa\u0219i, vedem dou\u0103 domenii cheie de dezvoltare continu\u0103:<\/p><p>Obiectivul nostru este de a traduce aceste informa\u021bii \u00een c\u00e2t mai multe limbi europene posibil, urm\u0103rind o acoperire c\u00e2t mai mare a pacien\u021bilor \u0219i a medicilor, acolo unde putem asigura o traducere de \u00eenalt\u0103 calitate efectuat\u0103 at\u00e2t de c\u0103tre medici cu experien\u021b\u0103, c\u00e2t \u0219i de c\u0103tre reprezentan\u021bi ai pacien\u021bilor. Sper\u0103m c\u0103 punerea la dispozi\u021bie a acestor informa\u021bii pe internet \u00een limba matern\u0103 \u00eei va ajuta pe cei care tr\u0103iesc cu lupus s\u0103 ob\u021bin\u0103 r\u0103spunsuri la \u00eentreb\u0103rile lor \u0219i s\u0103 renun\u021be la c\u0103utarea r\u0103spunsurilor pe site-uri web \u00een\u0219el\u0103toare sau pe re\u021belele de socializare, precum \u0219i s\u0103 ajute medicii de familie, asistentele medicale \u0219i al\u021bi profesioni\u0219ti din domeniul s\u0103n\u0103t\u0103\u021bii s\u0103 \u00ee\u0219i dezvolte cuno\u0219tin\u021bele despre boal\u0103 \u0219i despre numeroasele sale aspecte.<\/p>\t\t\t\t\t\t\t\t<\/div>\n\t\t\t\t<\/div>\n\t\t\t\t\t<\/div>\n\t\t<\/div>\n\t\t\t\t<div class=\"elementor-column elementor-col-50 elementor-top-column elementor-element elementor-element-6748e6e elementor-invisible\" data-id=\"6748e6e\" data-element_type=\"column\" data-e-type=\"column\" data-settings=\"{&quot;animation&quot;:&quot;fadeInRight&quot;}\">\n\t\t\t<div class=\"elementor-widget-wrap elementor-element-populated\">\n\t\t\t\t\t\t<div class=\"elementor-element elementor-element-53072b2 elementor-widget elementor-widget-image\" data-id=\"53072b2\" data-element_type=\"widget\" data-e-type=\"widget\" data-widget_type=\"image.default\">\n\t\t\t\t<div class=\"elementor-widget-container\">\n\t\t\t\t\t\t\t\t\t\t\t\t\t\t\t<img loading=\"lazy\" decoding=\"async\" width=\"1000\" height=\"667\" src=\"https:\/\/lupus100.org\/wp-content\/uploads\/2022\/07\/12.jpg\" class=\"attachment-full size-full wp-image-2285\" alt=\"\" srcset=\"https:\/\/lupus100.org\/wp-content\/uploads\/2022\/07\/12.jpg 1000w, https:\/\/lupus100.org\/wp-content\/uploads\/2022\/07\/12-300x200.jpg 300w, https:\/\/lupus100.org\/wp-content\/uploads\/2022\/07\/12-768x512.jpg 768w, https:\/\/lupus100.org\/wp-content\/uploads\/2022\/07\/12-595xh.jpg 595w\" sizes=\"(max-width: 1000px) 100vw, 1000px\" \/>\t\t\t\t\t\t\t\t\t\t\t\t\t\t\t<\/div>\n\t\t\t\t<\/div>\n\t\t\t\t\t<\/div>\n\t\t<\/div>\n\t\t\t\t\t<\/div>\n\t\t<\/section>\n\t\t\t\t<section data-particle_enable=\"false\" data-particle-mobile-disabled=\"false\" class=\"elementor-section elementor-top-section elementor-element elementor-element-81f2652 elementor-section-full_width elementor-section-height-default elementor-section-height-default\" data-id=\"81f2652\" data-element_type=\"section\" data-e-type=\"section\" data-settings=\"{&quot;jet_parallax_layout_list&quot;:[]}\">\n\t\t\t\t\t\t<div class=\"elementor-container elementor-column-gap-wide\">\n\t\t\t\t\t<div class=\"elementor-column elementor-col-50 elementor-top-column elementor-element elementor-element-7b0dd65 elementor-invisible\" data-id=\"7b0dd65\" data-element_type=\"column\" data-e-type=\"column\" data-settings=\"{&quot;animation&quot;:&quot;fadeInLeft&quot;}\">\n\t\t\t<div class=\"elementor-widget-wrap elementor-element-populated\">\n\t\t\t\t\t\t<div class=\"elementor-element elementor-element-979deed elementor-widget elementor-widget-image\" data-id=\"979deed\" data-element_type=\"widget\" data-e-type=\"widget\" data-widget_type=\"image.default\">\n\t\t\t\t<div class=\"elementor-widget-container\">\n\t\t\t\t\t\t\t\t\t\t\t\t\t\t\t<img loading=\"lazy\" decoding=\"async\" width=\"2560\" height=\"1050\" src=\"https:\/\/lupus100.org\/wp-content\/uploads\/2022\/05\/Header-Q100-scaled1.jpg\" class=\"attachment-full size-full wp-image-1023\" alt=\"\" srcset=\"https:\/\/lupus100.org\/wp-content\/uploads\/2022\/05\/Header-Q100-scaled1.jpg 2560w, https:\/\/lupus100.org\/wp-content\/uploads\/2022\/05\/Header-Q100-scaled1-300x123.jpg 300w, https:\/\/lupus100.org\/wp-content\/uploads\/2022\/05\/Header-Q100-scaled1-1024x420.jpg 1024w, https:\/\/lupus100.org\/wp-content\/uploads\/2022\/05\/Header-Q100-scaled1-768x315.jpg 768w, https:\/\/lupus100.org\/wp-content\/uploads\/2022\/05\/Header-Q100-scaled1-1536x630.jpg 1536w, https:\/\/lupus100.org\/wp-content\/uploads\/2022\/05\/Header-Q100-scaled1-2048x840.jpg 2048w, https:\/\/lupus100.org\/wp-content\/uploads\/2022\/05\/Header-Q100-scaled1-595xh.jpg 595w\" sizes=\"(max-width: 2560px) 100vw, 2560px\" \/>\t\t\t\t\t\t\t\t\t\t\t\t\t\t\t<\/div>\n\t\t\t\t<\/div>\n\t\t\t\t\t<\/div>\n\t\t<\/div>\n\t\t\t\t<div class=\"elementor-column elementor-col-50 elementor-top-column elementor-element elementor-element-85c10ed elementor-invisible\" data-id=\"85c10ed\" data-element_type=\"column\" data-e-type=\"column\" data-settings=\"{&quot;animation&quot;:&quot;fadeInRight&quot;}\">\n\t\t\t<div class=\"elementor-widget-wrap elementor-element-populated\">\n\t\t\t\t\t\t<div class=\"elementor-element elementor-element-e8e569f elementor-widget elementor-widget-text-editor\" data-id=\"e8e569f\" data-element_type=\"widget\" data-e-type=\"widget\" data-widget_type=\"text-editor.default\">\n\t\t\t\t<div class=\"elementor-widget-container\">\n\t\t\t\t\t\t\t\t\t<p>\u00cen al doilea r\u00e2nd, ar fi naiv s\u0103 credem c\u0103 aceast\u0103 list\u0103 de 100 de \u00eentreb\u0103ri r\u0103spunde \u00een mod exhaustiv, la toate \u00eentreb\u0103rile pe care le-ar putea avea cineva despre lupus, sau c\u0103 r\u0103spunsurile oferite vor rezolva toate problemele. Acest set de informa\u021bii nu va reu\u0219i s\u0103 \u00eenlocuiasc\u0103 niciodat\u0103 dialogul dintre pacient \u0219i medicul s\u0103u specialist \u00een lupus. Sper\u0103m \u00eens\u0103 c\u0103 \u00eei va \u00eencuraja pe pacien\u021bi s\u0103 \u00ee\u0219i ridice \u00eentreb\u0103ri \u0219i s\u0103 ob\u021bin\u0103 clarific\u0103rile necesare.<\/p><p>\u00cen ceea ce ne prive\u0219te, urm\u0103rim o strategie at\u00e2t pentru a men\u021bine toate r\u0103spunsurile la zi, c\u00e2t \u0219i pentru a actualiza lista de \u00eentreb\u0103ri, pe m\u0103sur\u0103 ce apar noi date \u0219tiin\u021bifice sau primim noi sugestii de \u00eentreb\u0103ri de la cititorii no\u0219tri.<\/p><p>\u00cen ceea ce prive\u0219te cititorii, fie c\u0103 sunt persoane care tr\u0103iesc cu lupus , fie c\u0103 sunt profesioni\u0219ti din domeniul s\u0103n\u0103t\u0103\u021bii care se confrunt\u0103 cu aceast\u0103 boal\u0103, sper\u0103m c\u0103 aceste cuno\u0219tin\u021be de baz\u0103 \u00eei vor ajuta s\u0103 deschid\u0103 un dialog constructiv \u0219i bine informat cu exper\u021bi \u00een lupus sau cu organiza\u021bii de pacien\u021bi, cu scopul de a-\u0219i spori cuno\u0219tin\u021bele despre boal\u0103 \u0219i competen\u021bele \u00een gestionarea acesteia.<\/p><p>Lectur\u0103 pl\u0103cut\u0103!<\/p>\t\t\t\t\t\t\t\t<\/div>\n\t\t\t\t<\/div>\n\t\t\t\t\t<\/div>\n\t\t<\/div>\n\t\t\t\t\t<\/div>\n\t\t<\/section>\n\t\t\t\t<\/div>","protected":false},"excerpt":{"rendered":"<p>About 100 QUESTIONS People living with lupus and their relatives, nurses, medical students or even for non-specialist doctors are regularly confronted with questions about lupus About IN 100 QUESTIONS People living with lupus and their relatives, nurses, medical students or even for non-specialist doctors are regularly confronted with questions about lupus 100 QUESTIONS TO ASK [&hellip;]<\/p>\n","protected":false},"author":1,"featured_media":0,"parent":0,"menu_order":0,"comment_status":"closed","ping_status":"closed","template":"","meta":{"_acf_changed":false,"footnotes":""},"class_list":["post-2269","page","type-page","status-publish","hentry"],"acf":[],"_links":{"self":[{"href":"https:\/\/lupus100.org\/ro\/wp-json\/wp\/v2\/pages\/2269","targetHints":{"allow":["GET"]}}],"collection":[{"href":"https:\/\/lupus100.org\/ro\/wp-json\/wp\/v2\/pages"}],"about":[{"href":"https:\/\/lupus100.org\/ro\/wp-json\/wp\/v2\/types\/page"}],"author":[{"embeddable":true,"href":"https:\/\/lupus100.org\/ro\/wp-json\/wp\/v2\/users\/1"}],"replies":[{"embeddable":true,"href":"https:\/\/lupus100.org\/ro\/wp-json\/wp\/v2\/comments?post=2269"}],"version-history":[{"count":38,"href":"https:\/\/lupus100.org\/ro\/wp-json\/wp\/v2\/pages\/2269\/revisions"}],"predecessor-version":[{"id":3934,"href":"https:\/\/lupus100.org\/ro\/wp-json\/wp\/v2\/pages\/2269\/revisions\/3934"}],"wp:attachment":[{"href":"https:\/\/lupus100.org\/ro\/wp-json\/wp\/v2\/media?parent=2269"}],"curies":[{"name":"wp","href":"https:\/\/api.w.org\/{rel}","templated":true}]}}