{"id":2269,"date":"2022-07-29T01:04:25","date_gmt":"2022-07-29T01:04:25","guid":{"rendered":"https:\/\/lupus100.org\/?page_id=2269"},"modified":"2023-03-30T11:09:11","modified_gmt":"2023-03-30T11:09:11","slug":"about-lupus","status":"publish","type":"page","link":"https:\/\/lupus100.org\/fi\/about-lupus","title":{"rendered":"About lupus"},"content":{"rendered":"<div data-elementor-type=\"wp-page\" data-elementor-id=\"2269\" class=\"elementor elementor-2269\" data-elementor-post-type=\"page\">\n\t\t\t\t\t\t<section data-particle_enable=\"false\" data-particle-mobile-disabled=\"false\" class=\"elementor-section elementor-top-section elementor-element elementor-element-08a78ea elementor-section-full_width elementor-hidden-mobile elementor-section-height-default elementor-section-height-default\" data-id=\"08a78ea\" data-element_type=\"section\" data-e-type=\"section\" data-settings=\"{&quot;background_background&quot;:&quot;classic&quot;,&quot;jet_parallax_layout_list&quot;:[]}\">\n\t\t\t\t\t\t<div class=\"elementor-container elementor-column-gap-default\">\n\t\t\t\t\t<div class=\"elementor-column elementor-col-33 elementor-top-column elementor-element elementor-element-c87a221 elementor-hidden-mobile\" data-id=\"c87a221\" data-element_type=\"column\" data-e-type=\"column\" data-settings=\"{&quot;background_background&quot;:&quot;classic&quot;}\">\n\t\t\t<div class=\"elementor-widget-wrap elementor-element-populated\">\n\t\t\t\t\t\t<div class=\"elementor-element elementor-element-2a0a2c0 elementor-widget elementor-widget-text-editor\" data-id=\"2a0a2c0\" data-element_type=\"widget\" data-e-type=\"widget\" data-widget_type=\"text-editor.default\">\n\t\t\t\t<div class=\"elementor-widget-container\">\n\t\t\t\t\t\t\t\t\t<p>NOIN<\/p>\t\t\t\t\t\t\t\t<\/div>\n\t\t\t\t<\/div>\n\t\t\t\t<div class=\"elementor-element elementor-element-3da3e7a elementor-widget elementor-widget-text-editor\" data-id=\"3da3e7a\" data-element_type=\"widget\" data-e-type=\"widget\" data-widget_type=\"text-editor.default\">\n\t\t\t\t<div class=\"elementor-widget-container\">\n\t\t\t\t\t\t\t\t\t100 KYSYMYST\u00c4\t\t\t\t\t\t\t\t<\/div>\n\t\t\t\t<\/div>\n\t\t\t\t<div class=\"elementor-element elementor-element-2f9739c elementor-widget elementor-widget-text-editor\" data-id=\"2f9739c\" data-element_type=\"widget\" data-e-type=\"widget\" data-widget_type=\"text-editor.default\">\n\t\t\t\t<div class=\"elementor-widget-container\">\n\t\t\t\t\t\t\t\t\t<p>Lupusta sairastavat ihmiset ja heid\u00e4n omaisensa, sairaanhoitajat, l\u00e4\u00e4ketieteen opiskelijat ja jopa l\u00e4\u00e4k\u00e4rit, jotka eiv\u00e4t ole erikoistuneet lupukseen, joutuvat usein kohtaamaan lupusta koskevia kysymyksi\u00e4.<\/p>\t\t\t\t\t\t\t\t<\/div>\n\t\t\t\t<\/div>\n\t\t\t\t\t<\/div>\n\t\t<\/div>\n\t\t\t\t<div class=\"elementor-column elementor-col-33 elementor-top-column elementor-element elementor-element-89d68d0\" data-id=\"89d68d0\" data-element_type=\"column\" data-e-type=\"column\">\n\t\t\t<div class=\"elementor-widget-wrap\">\n\t\t\t\t\t\t\t<\/div>\n\t\t<\/div>\n\t\t\t\t<div class=\"elementor-column elementor-col-33 elementor-top-column elementor-element elementor-element-dccd80e\" data-id=\"dccd80e\" data-element_type=\"column\" data-e-type=\"column\">\n\t\t\t<div class=\"elementor-widget-wrap\">\n\t\t\t\t\t\t\t<\/div>\n\t\t<\/div>\n\t\t\t\t\t<\/div>\n\t\t<\/section>\n\t\t\t\t<section data-particle_enable=\"false\" data-particle-mobile-disabled=\"false\" class=\"elementor-section elementor-top-section elementor-element elementor-element-d724669 elementor-section-full_width elementor-hidden-widescreen elementor-hidden-desktop elementor-hidden-laptop elementor-hidden-tablet_extra elementor-hidden-tablet elementor-hidden-mobile_extra elementor-section-height-default elementor-section-height-default\" data-id=\"d724669\" data-element_type=\"section\" data-e-type=\"section\" data-settings=\"{&quot;background_background&quot;:&quot;classic&quot;,&quot;jet_parallax_layout_list&quot;:[]}\">\n\t\t\t\t\t\t<div class=\"elementor-container elementor-column-gap-default\">\n\t\t\t\t\t<div class=\"elementor-column elementor-col-50 elementor-top-column elementor-element elementor-element-01b0de5\" data-id=\"01b0de5\" data-element_type=\"column\" data-e-type=\"column\" data-settings=\"{&quot;background_background&quot;:&quot;classic&quot;}\">\n\t\t\t<div class=\"elementor-widget-wrap elementor-element-populated\">\n\t\t\t\t\t\t<div class=\"elementor-element elementor-element-0c27c5b elementor-widget elementor-widget-image\" data-id=\"0c27c5b\" data-element_type=\"widget\" data-e-type=\"widget\" data-widget_type=\"image.default\">\n\t\t\t\t<div class=\"elementor-widget-container\">\n\t\t\t\t\t\t\t\t\t\t\t\t\t\t\t<img fetchpriority=\"high\" decoding=\"async\" width=\"800\" height=\"291\" src=\"https:\/\/lupus100.org\/wp-content\/uploads\/2022\/05\/Header-Q100-scaled-1024x373.jpg\" class=\"attachment-large size-large wp-image-716\" alt=\"\" srcset=\"https:\/\/lupus100.org\/wp-content\/uploads\/2022\/05\/Header-Q100-scaled-1024x373.jpg 1024w, https:\/\/lupus100.org\/wp-content\/uploads\/2022\/05\/Header-Q100-scaled-300x109.jpg 300w, https:\/\/lupus100.org\/wp-content\/uploads\/2022\/05\/Header-Q100-scaled-768x280.jpg 768w, https:\/\/lupus100.org\/wp-content\/uploads\/2022\/05\/Header-Q100-scaled-1536x560.jpg 1536w, https:\/\/lupus100.org\/wp-content\/uploads\/2022\/05\/Header-Q100-scaled-2048x746.jpg 2048w, https:\/\/lupus100.org\/wp-content\/uploads\/2022\/05\/Header-Q100-scaled-595xh.jpg 595w\" sizes=\"(max-width: 800px) 100vw, 800px\" \/>\t\t\t\t\t\t\t\t\t\t\t\t\t\t\t<\/div>\n\t\t\t\t<\/div>\n\t\t\t\t\t<\/div>\n\t\t<\/div>\n\t\t\t\t<div class=\"elementor-column elementor-col-50 elementor-top-column elementor-element elementor-element-31062a7\" data-id=\"31062a7\" data-element_type=\"column\" data-e-type=\"column\" data-settings=\"{&quot;background_background&quot;:&quot;classic&quot;}\">\n\t\t\t<div class=\"elementor-widget-wrap elementor-element-populated\">\n\t\t\t\t\t\t<div class=\"elementor-element elementor-element-9997be6 elementor-widget elementor-widget-text-editor\" data-id=\"9997be6\" data-element_type=\"widget\" data-e-type=\"widget\" data-widget_type=\"text-editor.default\">\n\t\t\t\t<div class=\"elementor-widget-container\">\n\t\t\t\t\t\t\t\t\t<p>NOIN<\/p>\t\t\t\t\t\t\t\t<\/div>\n\t\t\t\t<\/div>\n\t\t\t\t<div class=\"elementor-element elementor-element-9998814 elementor-widget elementor-widget-text-editor\" data-id=\"9998814\" data-element_type=\"widget\" data-e-type=\"widget\" data-widget_type=\"text-editor.default\">\n\t\t\t\t<div class=\"elementor-widget-container\">\n\t\t\t\t\t\t\t\t\t<p>IN<\/p>\t\t\t\t\t\t\t\t<\/div>\n\t\t\t\t<\/div>\n\t\t\t\t<div class=\"elementor-element elementor-element-0ce763a elementor-widget elementor-widget-text-editor\" data-id=\"0ce763a\" data-element_type=\"widget\" data-e-type=\"widget\" data-widget_type=\"text-editor.default\">\n\t\t\t\t<div class=\"elementor-widget-container\">\n\t\t\t\t\t\t\t\t\t<h1>100 KYSYMYST\u00c4<\/h1>\t\t\t\t\t\t\t\t<\/div>\n\t\t\t\t<\/div>\n\t\t\t\t<div class=\"elementor-element elementor-element-a1483b4 elementor-widget elementor-widget-text-editor\" data-id=\"a1483b4\" data-element_type=\"widget\" data-e-type=\"widget\" data-widget_type=\"text-editor.default\">\n\t\t\t\t<div class=\"elementor-widget-container\">\n\t\t\t\t\t\t\t\t\t<p>Lupusta sairastavat ihmiset ja heid\u00e4n omaisensa, sairaanhoitajat, l\u00e4\u00e4ketieteen opiskelijat ja jopa l\u00e4\u00e4k\u00e4rit, jotka eiv\u00e4t ole erikoistuneet lupukseen, joutuvat usein kohtaamaan lupusta koskevia kysymyksi\u00e4.<\/p>\t\t\t\t\t\t\t\t<\/div>\n\t\t\t\t<\/div>\n\t\t\t\t\t<\/div>\n\t\t<\/div>\n\t\t\t\t\t<\/div>\n\t\t<\/section>\n\t\t\t\t<section data-particle_enable=\"false\" data-particle-mobile-disabled=\"false\" class=\"elementor-section elementor-top-section elementor-element elementor-element-bac61f4 elementor-section-full_width elementor-section-height-default elementor-section-height-default\" data-id=\"bac61f4\" data-element_type=\"section\" data-e-type=\"section\" data-settings=\"{&quot;jet_parallax_layout_list&quot;:[]}\">\n\t\t\t\t\t\t<div class=\"elementor-container elementor-column-gap-default\">\n\t\t\t\t\t<div class=\"elementor-column elementor-col-100 elementor-top-column elementor-element elementor-element-cbddbfb elementor-invisible\" data-id=\"cbddbfb\" data-element_type=\"column\" data-e-type=\"column\" data-settings=\"{&quot;animation&quot;:&quot;fadeInLeft&quot;}\">\n\t\t\t<div class=\"elementor-widget-wrap elementor-element-populated\">\n\t\t\t\t\t\t<div class=\"elementor-element elementor-element-b34e740 elementor-widget elementor-widget-text-editor\" data-id=\"b34e740\" data-element_type=\"widget\" data-e-type=\"widget\" data-widget_type=\"text-editor.default\">\n\t\t\t\t<div class=\"elementor-widget-container\">\n\t\t\t\t\t\t\t\t\t<h3>100 KYSYMYST\u00c4 LUPUKSESTA<\/h3>\t\t\t\t\t\t\t\t<\/div>\n\t\t\t\t<\/div>\n\t\t\t\t\t<\/div>\n\t\t<\/div>\n\t\t\t\t\t<\/div>\n\t\t<\/section>\n\t\t\t\t<section data-particle_enable=\"false\" data-particle-mobile-disabled=\"false\" class=\"elementor-section elementor-top-section elementor-element elementor-element-ca9aca8 elementor-section-full_width elementor-reverse-mobile elementor-section-height-default elementor-section-height-default\" data-id=\"ca9aca8\" data-element_type=\"section\" data-e-type=\"section\" data-settings=\"{&quot;jet_parallax_layout_list&quot;:[]}\">\n\t\t\t\t\t\t<div class=\"elementor-container elementor-column-gap-wide\">\n\t\t\t\t\t<div class=\"elementor-column elementor-col-50 elementor-top-column elementor-element elementor-element-df163ec elementor-invisible\" data-id=\"df163ec\" data-element_type=\"column\" data-e-type=\"column\" data-settings=\"{&quot;animation&quot;:&quot;fadeInLeft&quot;}\">\n\t\t\t<div class=\"elementor-widget-wrap elementor-element-populated\">\n\t\t\t\t\t\t<div class=\"elementor-element elementor-element-baa6b3a elementor-widget elementor-widget-text-editor\" data-id=\"baa6b3a\" data-element_type=\"widget\" data-e-type=\"widget\" data-widget_type=\"text-editor.default\">\n\t\t\t\t<div class=\"elementor-widget-container\">\n\t\t\t\t\t\t\t\t\t<p>Lupusta sairastavat ja heid\u00e4n omaisensa, sairaanhoitajat, l\u00e4\u00e4ketieteen opiskelijat ja jopa erikoistumattomat l\u00e4\u00e4k\u00e4rit kohtaavat s\u00e4\u00e4nn\u00f6llisesti kysymyksi\u00e4 lupuksesta, t\u00e4st\u00e4 tuhatkasvoisesta taudista. Vaikka osa heist\u00e4 saa validoitua tietoa, liian monet p\u00e4\u00e4tyv\u00e4t internetiin, jossa \"puskaradio, kontrolloimaton tieto, huhut tai vahvistamattomat tutkimustulokset lis\u00e4\u00e4v\u00e4t heid\u00e4n h\u00e4mmennyst\u00e4\u00e4n, aiheuttavat ahdistusta tai jopa johtavat heit\u00e4 toimimaan virheellisesti.<\/p><p>Jo vuonna 2010 Ranskan lupus-osaamiskeskukset k\u00e4sitteliv\u00e4t t\u00e4t\u00e4 kysymyst\u00e4 professori Maxime Dougadosin johdolla julkaisemalla kirjasen \"100 kysymyst\u00e4 lupuksesta\". Kirjanen tuli nopeasti suosituksi sairastavien ja potilasj\u00e4rjest\u00f6jen keskuudessa Ranskassa ja ranskankielisiss\u00e4 naapurimaissa. Lupusta koskevan tiet\u00e4myksen kehittyess\u00e4 kirjaa p\u00e4ivitettiin useaan otteeseen, joka kerta ranskalaisten tunnettujen lupusasiantuntijoiden ja potilasj\u00e4rjest\u00f6jen yhteisty\u00f6n\u00e4.<\/p>\t\t\t\t\t\t\t\t<\/div>\n\t\t\t\t<\/div>\n\t\t\t\t\t<\/div>\n\t\t<\/div>\n\t\t\t\t<div class=\"elementor-column elementor-col-50 elementor-top-column elementor-element elementor-element-41f645a elementor-invisible\" data-id=\"41f645a\" data-element_type=\"column\" data-e-type=\"column\" data-settings=\"{&quot;animation&quot;:&quot;fadeInRight&quot;}\">\n\t\t\t<div class=\"elementor-widget-wrap elementor-element-populated\">\n\t\t\t\t\t\t<div class=\"elementor-element elementor-element-f7b4525 elementor-widget elementor-widget-image\" data-id=\"f7b4525\" data-element_type=\"widget\" data-e-type=\"widget\" data-widget_type=\"image.default\">\n\t\t\t\t<div class=\"elementor-widget-container\">\n\t\t\t\t\t\t\t\t\t\t\t\t\t\t\t<img decoding=\"async\" width=\"1920\" height=\"700\" src=\"https:\/\/lupus100.org\/wp-content\/uploads\/2022\/06\/Rectangle-78.jpg\" class=\"attachment-full size-full wp-image-1076\" alt=\"\" srcset=\"https:\/\/lupus100.org\/wp-content\/uploads\/2022\/06\/Rectangle-78.jpg 1920w, https:\/\/lupus100.org\/wp-content\/uploads\/2022\/06\/Rectangle-78-300x109.jpg 300w, https:\/\/lupus100.org\/wp-content\/uploads\/2022\/06\/Rectangle-78-1024x373.jpg 1024w, https:\/\/lupus100.org\/wp-content\/uploads\/2022\/06\/Rectangle-78-768x280.jpg 768w, https:\/\/lupus100.org\/wp-content\/uploads\/2022\/06\/Rectangle-78-1536x560.jpg 1536w, https:\/\/lupus100.org\/wp-content\/uploads\/2022\/06\/Rectangle-78-595xh.jpg 595w\" sizes=\"(max-width: 1920px) 100vw, 1920px\" \/>\t\t\t\t\t\t\t\t\t\t\t\t\t\t\t<\/div>\n\t\t\t\t<\/div>\n\t\t\t\t\t<\/div>\n\t\t<\/div>\n\t\t\t\t\t<\/div>\n\t\t<\/section>\n\t\t\t\t<section data-particle_enable=\"false\" data-particle-mobile-disabled=\"false\" class=\"elementor-section elementor-top-section elementor-element elementor-element-f90c984 elementor-section-full_width elementor-section-height-default elementor-section-height-default\" data-id=\"f90c984\" data-element_type=\"section\" data-e-type=\"section\" data-settings=\"{&quot;jet_parallax_layout_list&quot;:[]}\">\n\t\t\t\t\t\t<div class=\"elementor-container elementor-column-gap-wide\">\n\t\t\t\t\t<div class=\"elementor-column elementor-col-50 elementor-top-column elementor-element elementor-element-594a725 elementor-invisible\" data-id=\"594a725\" data-element_type=\"column\" data-e-type=\"column\" data-settings=\"{&quot;animation&quot;:&quot;fadeInLeft&quot;}\">\n\t\t\t<div class=\"elementor-widget-wrap elementor-element-populated\">\n\t\t\t\t\t\t<div class=\"elementor-element elementor-element-95c5ab7 elementor-widget elementor-widget-image\" data-id=\"95c5ab7\" data-element_type=\"widget\" data-e-type=\"widget\" data-widget_type=\"image.default\">\n\t\t\t\t<div class=\"elementor-widget-container\">\n\t\t\t\t\t\t\t\t\t\t\t\t\t\t\t<img decoding=\"async\" width=\"1024\" height=\"683\" src=\"https:\/\/lupus100.org\/wp-content\/uploads\/2022\/07\/13.jpg\" class=\"attachment-full size-full wp-image-2286\" alt=\"\" srcset=\"https:\/\/lupus100.org\/wp-content\/uploads\/2022\/07\/13.jpg 1024w, https:\/\/lupus100.org\/wp-content\/uploads\/2022\/07\/13-300x200.jpg 300w, https:\/\/lupus100.org\/wp-content\/uploads\/2022\/07\/13-768x512.jpg 768w, https:\/\/lupus100.org\/wp-content\/uploads\/2022\/07\/13-595xh.jpg 595w\" sizes=\"(max-width: 1024px) 100vw, 1024px\" \/>\t\t\t\t\t\t\t\t\t\t\t\t\t\t\t<\/div>\n\t\t\t\t<\/div>\n\t\t\t\t\t<\/div>\n\t\t<\/div>\n\t\t\t\t<div class=\"elementor-column elementor-col-50 elementor-top-column elementor-element elementor-element-00e15a6 elementor-invisible\" data-id=\"00e15a6\" data-element_type=\"column\" data-e-type=\"column\" data-settings=\"{&quot;animation&quot;:&quot;fadeInRight&quot;}\">\n\t\t\t<div class=\"elementor-widget-wrap elementor-element-populated\">\n\t\t\t\t\t\t<div class=\"elementor-element elementor-element-70fa008 elementor-widget elementor-widget-text-editor\" data-id=\"70fa008\" data-element_type=\"widget\" data-e-type=\"widget\" data-widget_type=\"text-editor.default\">\n\t\t\t\t<div class=\"elementor-widget-container\">\n\t\t\t\t\t\t\t\t\t<p>Lupus Europe on mukana eurooppalaisessa ERN ReCONNET osaamisverkostossa, joka kokoaa yhteen lupuksen ja muiden sidekudossairauksien johtavia kansainv\u00e4lisi\u00e4 asiantuntijoita. Lupus Europe on tuonut esiin tarpeen saada samanlaista tietoa saataville ranskankielisten maiden lis\u00e4ksi muuallakin Euroopassa, jotta kaikki lupusta  sairastavat eurooppalaiset voivat hy\u00f6ty\u00e4 laadukkaasta tiedosta kielell\u00e4, jota he ymm\u00e4rt\u00e4v\u00e4t. Syntyi hanke ranskalaisen kirjasen k\u00e4\u00e4nt\u00e4miseksi ja mukauttamiseksi maakohtaiseksi. ERN ReCONNET hyv\u00e4ksyi hankkeen vuonna 2021.<\/p><p>Viime kuukausien aikana Lupus Europen potilasedustajaverkosto, lupukseen erikoistuneet l\u00e4\u00e4k\u00e4rit ja KATANA sant\u00e9 (100 kysymyst\u00e4 -sarjan omistaja) loivat yhteisty\u00f6ss\u00e4 t\u00e4m\u00e4n verkkosivuston, jolla olet nyt. Kysymysluetteloa on p\u00e4ivitetty, jotta se huomioisi paremmin Euroopan nykyiset realiteetit. Kaikki vastaukset on tarkistettu uudelleen niiden oikeellisuuden ja ajantasaisuuden varmistamiseksi. K\u00e4\u00e4nn\u00f6kset on tehty erityisen huolellisesti, jotta varmistetaan sek\u00e4 oikeellisuus ett\u00e4 luettavuus. Toivomme, ett\u00e4 t\u00e4m\u00e4 kokoelma auttaa sinua l\u00f6yt\u00e4m\u00e4\u00e4n vastauksia lupusta koskeviin kysymyksiisi.<\/p>\t\t\t\t\t\t\t\t<\/div>\n\t\t\t\t<\/div>\n\t\t\t\t\t<\/div>\n\t\t<\/div>\n\t\t\t\t\t<\/div>\n\t\t<\/section>\n\t\t\t\t<section data-particle_enable=\"false\" data-particle-mobile-disabled=\"false\" class=\"elementor-section elementor-top-section elementor-element elementor-element-f6e7cf7 elementor-section-full_width elementor-reverse-mobile elementor-section-height-default elementor-section-height-default\" data-id=\"f6e7cf7\" data-element_type=\"section\" data-e-type=\"section\" data-settings=\"{&quot;jet_parallax_layout_list&quot;:[]}\">\n\t\t\t\t\t\t<div class=\"elementor-container elementor-column-gap-wide\">\n\t\t\t\t\t<div class=\"elementor-column elementor-col-50 elementor-top-column elementor-element elementor-element-b427b72 elementor-invisible\" data-id=\"b427b72\" data-element_type=\"column\" data-e-type=\"column\" data-settings=\"{&quot;animation&quot;:&quot;fadeInLeft&quot;}\">\n\t\t\t<div class=\"elementor-widget-wrap elementor-element-populated\">\n\t\t\t\t\t\t<div class=\"elementor-element elementor-element-a4e18bc elementor-widget elementor-widget-text-editor\" data-id=\"a4e18bc\" data-element_type=\"widget\" data-e-type=\"widget\" data-widget_type=\"text-editor.default\">\n\t\t\t\t<div class=\"elementor-widget-container\">\n\t\t\t\t\t\t\t\t\t<p>Mit\u00e4 tulee seuraaviin vaiheisiin, n\u00e4emme kaksi avainaluetta jatkuvassa kehityksess\u00e4:<\/p><p>Tavoitteenamme on k\u00e4\u00e4nt\u00e4\u00e4 n\u00e4m\u00e4 tiedot mahdollisimman monelle eurooppalaiselle kielelle. T\u00e4h\u00e4n ty\u00f6h\u00f6n olemme koonneet mahdollisimman kattavan joukon potilasedustajia ja kokeneita l\u00e4\u00e4k\u00e4reit\u00e4. Heid\u00e4n teht\u00e4v\u00e4n\u00e4\u00e4n on tehd\u00e4 laadukas k\u00e4\u00e4nn\u00f6s ja tekstin oikolukeminen. Toivomme, ett\u00e4 t\u00e4llaisen tiedon tarjoaminen verkossa omalla kielell\u00e4 auttaa lupusta sairastavia ihmisi\u00e4 saamaan laadukkaita vastauksia kysymyksiin ja luopumaan vastausten etsimisest\u00e4 harhaanjohtavilta verkkosivuilta tai sosiaalisista verkostoista. Lis\u00e4ksi toivomme sivuston auttavan yleisl\u00e4\u00e4k\u00e4reit\u00e4, sairaanhoitajia ja muita terveydenhuollon ammattilaisia lis\u00e4\u00e4m\u00e4\u00e4n tiet\u00e4myst\u00e4\u00e4n taudista ja sen monista n\u00e4k\u00f6kohdista.<\/p>\t\t\t\t\t\t\t\t<\/div>\n\t\t\t\t<\/div>\n\t\t\t\t\t<\/div>\n\t\t<\/div>\n\t\t\t\t<div class=\"elementor-column elementor-col-50 elementor-top-column elementor-element elementor-element-6748e6e elementor-invisible\" data-id=\"6748e6e\" data-element_type=\"column\" data-e-type=\"column\" data-settings=\"{&quot;animation&quot;:&quot;fadeInRight&quot;}\">\n\t\t\t<div class=\"elementor-widget-wrap elementor-element-populated\">\n\t\t\t\t\t\t<div class=\"elementor-element elementor-element-53072b2 elementor-widget elementor-widget-image\" data-id=\"53072b2\" data-element_type=\"widget\" data-e-type=\"widget\" data-widget_type=\"image.default\">\n\t\t\t\t<div class=\"elementor-widget-container\">\n\t\t\t\t\t\t\t\t\t\t\t\t\t\t\t<img loading=\"lazy\" decoding=\"async\" width=\"1000\" height=\"667\" src=\"https:\/\/lupus100.org\/wp-content\/uploads\/2022\/07\/12.jpg\" class=\"attachment-full size-full wp-image-2285\" alt=\"\" srcset=\"https:\/\/lupus100.org\/wp-content\/uploads\/2022\/07\/12.jpg 1000w, https:\/\/lupus100.org\/wp-content\/uploads\/2022\/07\/12-300x200.jpg 300w, https:\/\/lupus100.org\/wp-content\/uploads\/2022\/07\/12-768x512.jpg 768w, https:\/\/lupus100.org\/wp-content\/uploads\/2022\/07\/12-595xh.jpg 595w\" sizes=\"(max-width: 1000px) 100vw, 1000px\" \/>\t\t\t\t\t\t\t\t\t\t\t\t\t\t\t<\/div>\n\t\t\t\t<\/div>\n\t\t\t\t\t<\/div>\n\t\t<\/div>\n\t\t\t\t\t<\/div>\n\t\t<\/section>\n\t\t\t\t<section data-particle_enable=\"false\" data-particle-mobile-disabled=\"false\" class=\"elementor-section elementor-top-section elementor-element elementor-element-81f2652 elementor-section-full_width elementor-section-height-default elementor-section-height-default\" data-id=\"81f2652\" data-element_type=\"section\" data-e-type=\"section\" data-settings=\"{&quot;jet_parallax_layout_list&quot;:[]}\">\n\t\t\t\t\t\t<div class=\"elementor-container elementor-column-gap-wide\">\n\t\t\t\t\t<div class=\"elementor-column elementor-col-50 elementor-top-column elementor-element elementor-element-7b0dd65 elementor-invisible\" data-id=\"7b0dd65\" data-element_type=\"column\" data-e-type=\"column\" data-settings=\"{&quot;animation&quot;:&quot;fadeInLeft&quot;}\">\n\t\t\t<div class=\"elementor-widget-wrap elementor-element-populated\">\n\t\t\t\t\t\t<div class=\"elementor-element elementor-element-979deed elementor-widget elementor-widget-image\" data-id=\"979deed\" data-element_type=\"widget\" data-e-type=\"widget\" data-widget_type=\"image.default\">\n\t\t\t\t<div class=\"elementor-widget-container\">\n\t\t\t\t\t\t\t\t\t\t\t\t\t\t\t<img loading=\"lazy\" decoding=\"async\" width=\"2560\" height=\"1050\" src=\"https:\/\/lupus100.org\/wp-content\/uploads\/2022\/05\/Header-Q100-scaled1.jpg\" class=\"attachment-full size-full wp-image-1023\" alt=\"\" srcset=\"https:\/\/lupus100.org\/wp-content\/uploads\/2022\/05\/Header-Q100-scaled1.jpg 2560w, https:\/\/lupus100.org\/wp-content\/uploads\/2022\/05\/Header-Q100-scaled1-300x123.jpg 300w, https:\/\/lupus100.org\/wp-content\/uploads\/2022\/05\/Header-Q100-scaled1-1024x420.jpg 1024w, https:\/\/lupus100.org\/wp-content\/uploads\/2022\/05\/Header-Q100-scaled1-768x315.jpg 768w, https:\/\/lupus100.org\/wp-content\/uploads\/2022\/05\/Header-Q100-scaled1-1536x630.jpg 1536w, https:\/\/lupus100.org\/wp-content\/uploads\/2022\/05\/Header-Q100-scaled1-2048x840.jpg 2048w, https:\/\/lupus100.org\/wp-content\/uploads\/2022\/05\/Header-Q100-scaled1-595xh.jpg 595w\" sizes=\"(max-width: 2560px) 100vw, 2560px\" \/>\t\t\t\t\t\t\t\t\t\t\t\t\t\t\t<\/div>\n\t\t\t\t<\/div>\n\t\t\t\t\t<\/div>\n\t\t<\/div>\n\t\t\t\t<div class=\"elementor-column elementor-col-50 elementor-top-column elementor-element elementor-element-85c10ed elementor-invisible\" data-id=\"85c10ed\" data-element_type=\"column\" data-e-type=\"column\" data-settings=\"{&quot;animation&quot;:&quot;fadeInRight&quot;}\">\n\t\t\t<div class=\"elementor-widget-wrap elementor-element-populated\">\n\t\t\t\t\t\t<div class=\"elementor-element elementor-element-e8e569f elementor-widget elementor-widget-text-editor\" data-id=\"e8e569f\" data-element_type=\"widget\" data-e-type=\"widget\" data-widget_type=\"text-editor.default\">\n\t\t\t\t<div class=\"elementor-widget-container\">\n\t\t\t\t\t\t\t\t\t<p>Toiseksi olisi naiivia ajatella, ett\u00e4 t\u00e4m\u00e4 sadan kysymyksen luettelo ikin\u00e4 vastaisi tyhjent\u00e4v\u00e4sti kaikkiin lupukseen liittyviin kysymyksiin tai ett\u00e4 annetut vastaukset ratkaisevat kaikkia ongelmia. T\u00e4m\u00e4 tietopaketti ei koskaan korvaa potilaan ja lupusta hoitavan l\u00e4\u00e4k\u00e4rin v\u00e4list\u00e4 vuoropuhelua. Toivomme kuitenkin, ett\u00e4 se rohkaisee sairastavia esitt\u00e4m\u00e4\u00e4n kysymyksi\u00e4 ja saamaan tarvittavia selvennyksi\u00e4.<\/p><p>Olemme k\u00e4ynnist\u00e4neet prosessin, jonka tarkoituksena on pit\u00e4\u00e4 kaikki vastaukset ajan tasalla ja p\u00e4ivitt\u00e4\u00e4 kysymysten luetteloa sit\u00e4 mukaa, kun uutta kehityst\u00e4 tapahtuu tai kun saamme uusia kysymysehdotuksia lukijoiltamme.<\/p><p>Toivomme, ett\u00e4 lukijat, etenkin lupuksen kanssa el\u00e4v\u00e4t ihmiset tai sairauden kanssa tekemisiss\u00e4 olevat terveydenhuollon ammattilaiset, voivat perustietojen avulla aloittaa hedelm\u00e4llisen ja asiantuntevan vuoropuhelun lupusasiantuntijoiden tai potilasj\u00e4rjest\u00f6jen kanssa ja lis\u00e4t\u00e4 tiet\u00e4myst\u00e4\u00e4n sairaudesta ja osaamistaan sen hoidossa.<\/p><p>Hyv\u00e4\u00e4 lukemista!<\/p>\t\t\t\t\t\t\t\t<\/div>\n\t\t\t\t<\/div>\n\t\t\t\t\t<\/div>\n\t\t<\/div>\n\t\t\t\t\t<\/div>\n\t\t<\/section>\n\t\t\t\t<\/div>","protected":false},"excerpt":{"rendered":"<p>About 100 QUESTIONS People living with lupus and their relatives, nurses, medical students or even for non-specialist doctors are regularly confronted with questions about lupus About IN 100 QUESTIONS People living with lupus and their relatives, nurses, medical students or even for non-specialist doctors are regularly confronted with questions about lupus 100 QUESTIONS TO ASK [&hellip;]<\/p>\n","protected":false},"author":1,"featured_media":0,"parent":0,"menu_order":0,"comment_status":"closed","ping_status":"closed","template":"","meta":{"_acf_changed":false,"footnotes":""},"class_list":["post-2269","page","type-page","status-publish","hentry"],"acf":[],"_links":{"self":[{"href":"https:\/\/lupus100.org\/fi\/wp-json\/wp\/v2\/pages\/2269","targetHints":{"allow":["GET"]}}],"collection":[{"href":"https:\/\/lupus100.org\/fi\/wp-json\/wp\/v2\/pages"}],"about":[{"href":"https:\/\/lupus100.org\/fi\/wp-json\/wp\/v2\/types\/page"}],"author":[{"embeddable":true,"href":"https:\/\/lupus100.org\/fi\/wp-json\/wp\/v2\/users\/1"}],"replies":[{"embeddable":true,"href":"https:\/\/lupus100.org\/fi\/wp-json\/wp\/v2\/comments?post=2269"}],"version-history":[{"count":38,"href":"https:\/\/lupus100.org\/fi\/wp-json\/wp\/v2\/pages\/2269\/revisions"}],"predecessor-version":[{"id":3934,"href":"https:\/\/lupus100.org\/fi\/wp-json\/wp\/v2\/pages\/2269\/revisions\/3934"}],"wp:attachment":[{"href":"https:\/\/lupus100.org\/fi\/wp-json\/wp\/v2\/media?parent=2269"}],"curies":[{"name":"wp","href":"https:\/\/api.w.org\/{rel}","templated":true}]}}