{"id":2269,"date":"2022-07-29T01:04:25","date_gmt":"2022-07-29T01:04:25","guid":{"rendered":"https:\/\/lupus100.org\/?page_id=2269"},"modified":"2023-03-30T11:09:11","modified_gmt":"2023-03-30T11:09:11","slug":"about-lupus","status":"publish","type":"page","link":"https:\/\/lupus100.org\/de\/about-lupus","title":{"rendered":"About lupus"},"content":{"rendered":"<div data-elementor-type=\"wp-page\" data-elementor-id=\"2269\" class=\"elementor elementor-2269\" data-elementor-post-type=\"page\">\n\t\t\t\t\t\t<section data-particle_enable=\"false\" data-particle-mobile-disabled=\"false\" class=\"elementor-section elementor-top-section elementor-element elementor-element-08a78ea elementor-section-full_width elementor-hidden-mobile elementor-section-height-default elementor-section-height-default\" data-id=\"08a78ea\" data-element_type=\"section\" data-e-type=\"section\" data-settings=\"{&quot;background_background&quot;:&quot;classic&quot;,&quot;jet_parallax_layout_list&quot;:[]}\">\n\t\t\t\t\t\t<div class=\"elementor-container elementor-column-gap-default\">\n\t\t\t\t\t<div class=\"elementor-column elementor-col-33 elementor-top-column elementor-element elementor-element-c87a221 elementor-hidden-mobile\" data-id=\"c87a221\" data-element_type=\"column\" data-e-type=\"column\" data-settings=\"{&quot;background_background&quot;:&quot;classic&quot;}\">\n\t\t\t<div class=\"elementor-widget-wrap elementor-element-populated\">\n\t\t\t\t\t\t<div class=\"elementor-element elementor-element-2a0a2c0 elementor-widget elementor-widget-text-editor\" data-id=\"2a0a2c0\" data-element_type=\"widget\" data-e-type=\"widget\" data-widget_type=\"text-editor.default\">\n\t\t\t\t<div class=\"elementor-widget-container\">\n\t\t\t\t\t\t\t\t\t<p>About<\/p>\t\t\t\t\t\t\t\t<\/div>\n\t\t\t\t<\/div>\n\t\t\t\t<div class=\"elementor-element elementor-element-3da3e7a elementor-widget elementor-widget-text-editor\" data-id=\"3da3e7a\" data-element_type=\"widget\" data-e-type=\"widget\" data-widget_type=\"text-editor.default\">\n\t\t\t\t<div class=\"elementor-widget-container\">\n\t\t\t\t\t\t\t\t\t100 QUESTIONS\t\t\t\t\t\t\t\t<\/div>\n\t\t\t\t<\/div>\n\t\t\t\t<div class=\"elementor-element elementor-element-2f9739c elementor-widget elementor-widget-text-editor\" data-id=\"2f9739c\" data-element_type=\"widget\" data-e-type=\"widget\" data-widget_type=\"text-editor.default\">\n\t\t\t\t<div class=\"elementor-widget-container\">\n\t\t\t\t\t\t\t\t\t<p>Menschen, die mit Lupus leben, und ihre Angeh\u00f6rigen, \u2013Pflegekr\u00e4fte, Medizinstudenten und sogar nicht spezialisierte \u00c4rzte werden h\u00e4ufig mit Fragen \u00fcber Lupus konfrontiert<\/p>\t\t\t\t\t\t\t\t<\/div>\n\t\t\t\t<\/div>\n\t\t\t\t\t<\/div>\n\t\t<\/div>\n\t\t\t\t<div class=\"elementor-column elementor-col-33 elementor-top-column elementor-element elementor-element-89d68d0\" data-id=\"89d68d0\" data-element_type=\"column\" data-e-type=\"column\">\n\t\t\t<div class=\"elementor-widget-wrap\">\n\t\t\t\t\t\t\t<\/div>\n\t\t<\/div>\n\t\t\t\t<div class=\"elementor-column elementor-col-33 elementor-top-column elementor-element elementor-element-dccd80e\" data-id=\"dccd80e\" data-element_type=\"column\" data-e-type=\"column\">\n\t\t\t<div class=\"elementor-widget-wrap\">\n\t\t\t\t\t\t\t<\/div>\n\t\t<\/div>\n\t\t\t\t\t<\/div>\n\t\t<\/section>\n\t\t\t\t<section data-particle_enable=\"false\" data-particle-mobile-disabled=\"false\" class=\"elementor-section elementor-top-section elementor-element elementor-element-d724669 elementor-section-full_width elementor-hidden-widescreen elementor-hidden-desktop elementor-hidden-laptop elementor-hidden-tablet_extra elementor-hidden-tablet elementor-hidden-mobile_extra elementor-section-height-default elementor-section-height-default\" data-id=\"d724669\" data-element_type=\"section\" data-e-type=\"section\" data-settings=\"{&quot;background_background&quot;:&quot;classic&quot;,&quot;jet_parallax_layout_list&quot;:[]}\">\n\t\t\t\t\t\t<div class=\"elementor-container elementor-column-gap-default\">\n\t\t\t\t\t<div class=\"elementor-column elementor-col-50 elementor-top-column elementor-element elementor-element-01b0de5\" data-id=\"01b0de5\" data-element_type=\"column\" data-e-type=\"column\" data-settings=\"{&quot;background_background&quot;:&quot;classic&quot;}\">\n\t\t\t<div class=\"elementor-widget-wrap elementor-element-populated\">\n\t\t\t\t\t\t<div class=\"elementor-element elementor-element-0c27c5b elementor-widget elementor-widget-image\" data-id=\"0c27c5b\" data-element_type=\"widget\" data-e-type=\"widget\" data-widget_type=\"image.default\">\n\t\t\t\t<div class=\"elementor-widget-container\">\n\t\t\t\t\t\t\t\t\t\t\t\t\t\t\t<img fetchpriority=\"high\" decoding=\"async\" width=\"800\" height=\"291\" src=\"https:\/\/lupus100.org\/wp-content\/uploads\/2022\/05\/Header-Q100-scaled-1024x373.jpg\" class=\"attachment-large size-large wp-image-716\" alt=\"\" srcset=\"https:\/\/lupus100.org\/wp-content\/uploads\/2022\/05\/Header-Q100-scaled-1024x373.jpg 1024w, https:\/\/lupus100.org\/wp-content\/uploads\/2022\/05\/Header-Q100-scaled-300x109.jpg 300w, https:\/\/lupus100.org\/wp-content\/uploads\/2022\/05\/Header-Q100-scaled-768x280.jpg 768w, https:\/\/lupus100.org\/wp-content\/uploads\/2022\/05\/Header-Q100-scaled-1536x560.jpg 1536w, https:\/\/lupus100.org\/wp-content\/uploads\/2022\/05\/Header-Q100-scaled-2048x746.jpg 2048w, https:\/\/lupus100.org\/wp-content\/uploads\/2022\/05\/Header-Q100-scaled-595xh.jpg 595w\" sizes=\"(max-width: 800px) 100vw, 800px\" \/>\t\t\t\t\t\t\t\t\t\t\t\t\t\t\t<\/div>\n\t\t\t\t<\/div>\n\t\t\t\t\t<\/div>\n\t\t<\/div>\n\t\t\t\t<div class=\"elementor-column elementor-col-50 elementor-top-column elementor-element elementor-element-31062a7\" data-id=\"31062a7\" data-element_type=\"column\" data-e-type=\"column\" data-settings=\"{&quot;background_background&quot;:&quot;classic&quot;}\">\n\t\t\t<div class=\"elementor-widget-wrap elementor-element-populated\">\n\t\t\t\t\t\t<div class=\"elementor-element elementor-element-9997be6 elementor-widget elementor-widget-text-editor\" data-id=\"9997be6\" data-element_type=\"widget\" data-e-type=\"widget\" data-widget_type=\"text-editor.default\">\n\t\t\t\t<div class=\"elementor-widget-container\">\n\t\t\t\t\t\t\t\t\t<p>About<\/p>\t\t\t\t\t\t\t\t<\/div>\n\t\t\t\t<\/div>\n\t\t\t\t<div class=\"elementor-element elementor-element-9998814 elementor-widget elementor-widget-text-editor\" data-id=\"9998814\" data-element_type=\"widget\" data-e-type=\"widget\" data-widget_type=\"text-editor.default\">\n\t\t\t\t<div class=\"elementor-widget-container\">\n\t\t\t\t\t\t\t\t\t<p>IN<\/p>\t\t\t\t\t\t\t\t<\/div>\n\t\t\t\t<\/div>\n\t\t\t\t<div class=\"elementor-element elementor-element-0ce763a elementor-widget elementor-widget-text-editor\" data-id=\"0ce763a\" data-element_type=\"widget\" data-e-type=\"widget\" data-widget_type=\"text-editor.default\">\n\t\t\t\t<div class=\"elementor-widget-container\">\n\t\t\t\t\t\t\t\t\t<h1>100 QUESTIONS<\/h1>\t\t\t\t\t\t\t\t<\/div>\n\t\t\t\t<\/div>\n\t\t\t\t<div class=\"elementor-element elementor-element-a1483b4 elementor-widget elementor-widget-text-editor\" data-id=\"a1483b4\" data-element_type=\"widget\" data-e-type=\"widget\" data-widget_type=\"text-editor.default\">\n\t\t\t\t<div class=\"elementor-widget-container\">\n\t\t\t\t\t\t\t\t\t<p>Menschen, die mit Lupus leben, und ihre Angeh\u00f6rigen, \u2013Pflegekr\u00e4fte, Medizinstudenten und sogar nicht spezialisierte \u00c4rzte werden h\u00e4ufig mit Fragen \u00fcber Lupus konfrontiert<\/p>\t\t\t\t\t\t\t\t<\/div>\n\t\t\t\t<\/div>\n\t\t\t\t\t<\/div>\n\t\t<\/div>\n\t\t\t\t\t<\/div>\n\t\t<\/section>\n\t\t\t\t<section data-particle_enable=\"false\" data-particle-mobile-disabled=\"false\" class=\"elementor-section elementor-top-section elementor-element elementor-element-bac61f4 elementor-section-full_width elementor-section-height-default elementor-section-height-default\" data-id=\"bac61f4\" data-element_type=\"section\" data-e-type=\"section\" data-settings=\"{&quot;jet_parallax_layout_list&quot;:[]}\">\n\t\t\t\t\t\t<div class=\"elementor-container elementor-column-gap-default\">\n\t\t\t\t\t<div class=\"elementor-column elementor-col-100 elementor-top-column elementor-element elementor-element-cbddbfb elementor-invisible\" data-id=\"cbddbfb\" data-element_type=\"column\" data-e-type=\"column\" data-settings=\"{&quot;animation&quot;:&quot;fadeInLeft&quot;}\">\n\t\t\t<div class=\"elementor-widget-wrap elementor-element-populated\">\n\t\t\t\t\t\t<div class=\"elementor-element elementor-element-b34e740 elementor-widget elementor-widget-text-editor\" data-id=\"b34e740\" data-element_type=\"widget\" data-e-type=\"widget\" data-widget_type=\"text-editor.default\">\n\t\t\t\t<div class=\"elementor-widget-container\">\n\t\t\t\t\t\t\t\t\t<h3>100 FRAGEN ZUM THEMA LUPUS<\/h3>\t\t\t\t\t\t\t\t<\/div>\n\t\t\t\t<\/div>\n\t\t\t\t\t<\/div>\n\t\t<\/div>\n\t\t\t\t\t<\/div>\n\t\t<\/section>\n\t\t\t\t<section data-particle_enable=\"false\" data-particle-mobile-disabled=\"false\" class=\"elementor-section elementor-top-section elementor-element elementor-element-ca9aca8 elementor-section-full_width elementor-reverse-mobile elementor-section-height-default elementor-section-height-default\" data-id=\"ca9aca8\" data-element_type=\"section\" data-e-type=\"section\" data-settings=\"{&quot;jet_parallax_layout_list&quot;:[]}\">\n\t\t\t\t\t\t<div class=\"elementor-container elementor-column-gap-wide\">\n\t\t\t\t\t<div class=\"elementor-column elementor-col-50 elementor-top-column elementor-element elementor-element-df163ec elementor-invisible\" data-id=\"df163ec\" data-element_type=\"column\" data-e-type=\"column\" data-settings=\"{&quot;animation&quot;:&quot;fadeInLeft&quot;}\">\n\t\t\t<div class=\"elementor-widget-wrap elementor-element-populated\">\n\t\t\t\t\t\t<div class=\"elementor-element elementor-element-baa6b3a elementor-widget elementor-widget-text-editor\" data-id=\"baa6b3a\" data-element_type=\"widget\" data-e-type=\"widget\" data-widget_type=\"text-editor.default\">\n\t\t\t\t<div class=\"elementor-widget-container\">\n\t\t\t\t\t\t\t\t\t<p>Menschen, die mit Lupus leben, und ihre Angeh\u00f6rigen, Krankenschwestern und -pfleger, Medizinstudenten und sogar nicht spezialisierte \u00c4rzte werden regelm\u00e4\u00dfig mit Fragen \u00fcber Lupus, die Krankheit mit den 1000 Gesichtern, konfrontiert. W\u00e4hrend einige Zugang zu validierten Informationen haben, landen zu viele im Internet, wo \"Mundpropaganda\", unkontrollierte Daten, Ger\u00fcchte oder unbest\u00e4tigte Forschungsergebnisse ihre Verwirrung vergr\u00f6\u00dfern, \u00c4ngste ausl\u00f6sen oder sogar zu falschen Handlungen f\u00fchren.<\/p><p>Im Jahr 2010 haben die franz\u00f6sischen Referenzzentren f\u00fcr Lupus unter der Leitung von Professor Maxime Dougados dieses Thema mit der Ver\u00f6ffentlichung einer Brosch\u00fcre \"100 Fragen zu Lupus\" aufgegriffen. Diese Brosch\u00fcre war bei Patienten und Patientenverb\u00e4nden in Frankreich und in den franz\u00f6sischsprachigen Nachbarl\u00e4ndern schnell erfolgreich. Da sich das Wissen \u00fcber Lupus st\u00e4ndig weiterentwickelte, wurde das Buch mehrmals aktualisiert, jedes Mal in Zusammenarbeit zwischen renommierten franz\u00f6sischen Lupus-Experten und Patientenverb\u00e4nden.<\/p>\t\t\t\t\t\t\t\t<\/div>\n\t\t\t\t<\/div>\n\t\t\t\t\t<\/div>\n\t\t<\/div>\n\t\t\t\t<div class=\"elementor-column elementor-col-50 elementor-top-column elementor-element elementor-element-41f645a elementor-invisible\" data-id=\"41f645a\" data-element_type=\"column\" data-e-type=\"column\" data-settings=\"{&quot;animation&quot;:&quot;fadeInRight&quot;}\">\n\t\t\t<div class=\"elementor-widget-wrap elementor-element-populated\">\n\t\t\t\t\t\t<div class=\"elementor-element elementor-element-f7b4525 elementor-widget elementor-widget-image\" data-id=\"f7b4525\" data-element_type=\"widget\" data-e-type=\"widget\" data-widget_type=\"image.default\">\n\t\t\t\t<div class=\"elementor-widget-container\">\n\t\t\t\t\t\t\t\t\t\t\t\t\t\t\t<img decoding=\"async\" width=\"1920\" height=\"700\" src=\"https:\/\/lupus100.org\/wp-content\/uploads\/2022\/06\/Rectangle-78.jpg\" class=\"attachment-full size-full wp-image-1076\" alt=\"\" srcset=\"https:\/\/lupus100.org\/wp-content\/uploads\/2022\/06\/Rectangle-78.jpg 1920w, https:\/\/lupus100.org\/wp-content\/uploads\/2022\/06\/Rectangle-78-300x109.jpg 300w, https:\/\/lupus100.org\/wp-content\/uploads\/2022\/06\/Rectangle-78-1024x373.jpg 1024w, https:\/\/lupus100.org\/wp-content\/uploads\/2022\/06\/Rectangle-78-768x280.jpg 768w, https:\/\/lupus100.org\/wp-content\/uploads\/2022\/06\/Rectangle-78-1536x560.jpg 1536w, https:\/\/lupus100.org\/wp-content\/uploads\/2022\/06\/Rectangle-78-595xh.jpg 595w\" sizes=\"(max-width: 1920px) 100vw, 1920px\" \/>\t\t\t\t\t\t\t\t\t\t\t\t\t\t\t<\/div>\n\t\t\t\t<\/div>\n\t\t\t\t\t<\/div>\n\t\t<\/div>\n\t\t\t\t\t<\/div>\n\t\t<\/section>\n\t\t\t\t<section data-particle_enable=\"false\" data-particle-mobile-disabled=\"false\" class=\"elementor-section elementor-top-section elementor-element elementor-element-f90c984 elementor-section-full_width elementor-section-height-default elementor-section-height-default\" data-id=\"f90c984\" data-element_type=\"section\" data-e-type=\"section\" data-settings=\"{&quot;jet_parallax_layout_list&quot;:[]}\">\n\t\t\t\t\t\t<div class=\"elementor-container elementor-column-gap-wide\">\n\t\t\t\t\t<div class=\"elementor-column elementor-col-50 elementor-top-column elementor-element elementor-element-594a725 elementor-invisible\" data-id=\"594a725\" data-element_type=\"column\" data-e-type=\"column\" data-settings=\"{&quot;animation&quot;:&quot;fadeInLeft&quot;}\">\n\t\t\t<div class=\"elementor-widget-wrap elementor-element-populated\">\n\t\t\t\t\t\t<div class=\"elementor-element elementor-element-95c5ab7 elementor-widget elementor-widget-image\" data-id=\"95c5ab7\" data-element_type=\"widget\" data-e-type=\"widget\" data-widget_type=\"image.default\">\n\t\t\t\t<div class=\"elementor-widget-container\">\n\t\t\t\t\t\t\t\t\t\t\t\t\t\t\t<img decoding=\"async\" width=\"1024\" height=\"683\" src=\"https:\/\/lupus100.org\/wp-content\/uploads\/2022\/07\/13.jpg\" class=\"attachment-full size-full wp-image-2286\" alt=\"\" srcset=\"https:\/\/lupus100.org\/wp-content\/uploads\/2022\/07\/13.jpg 1024w, https:\/\/lupus100.org\/wp-content\/uploads\/2022\/07\/13-300x200.jpg 300w, https:\/\/lupus100.org\/wp-content\/uploads\/2022\/07\/13-768x512.jpg 768w, https:\/\/lupus100.org\/wp-content\/uploads\/2022\/07\/13-595xh.jpg 595w\" sizes=\"(max-width: 1024px) 100vw, 1024px\" \/>\t\t\t\t\t\t\t\t\t\t\t\t\t\t\t<\/div>\n\t\t\t\t<\/div>\n\t\t\t\t\t<\/div>\n\t\t<\/div>\n\t\t\t\t<div class=\"elementor-column elementor-col-50 elementor-top-column elementor-element elementor-element-00e15a6 elementor-invisible\" data-id=\"00e15a6\" data-element_type=\"column\" data-e-type=\"column\" data-settings=\"{&quot;animation&quot;:&quot;fadeInRight&quot;}\">\n\t\t\t<div class=\"elementor-widget-wrap elementor-element-populated\">\n\t\t\t\t\t\t<div class=\"elementor-element elementor-element-70fa008 elementor-widget elementor-widget-text-editor\" data-id=\"70fa008\" data-element_type=\"widget\" data-e-type=\"widget\" data-widget_type=\"text-editor.default\">\n\t\t\t\t<div class=\"elementor-widget-container\">\n\t\t\t\t\t\t\t\t\t<p>Als Mitglied des europ\u00e4ischen Referenznetzwerks ReCONNET, das international f\u00fchrende Experten f\u00fcr Lupus und andere Bindegewebserkrankungen zusammenbringt, wies Lupus Europe auf die Notwendigkeit hin, \u00e4hnliche Informationen nicht nur in Frankreich, sondern in ganz Europa zur Verf\u00fcgung zu stellen, damit alle Menschen, die in Europa mit Lupus leben, von hochwertigen Informationen in einer Sprache profitieren k\u00f6nnen, die sie verstehen. Das Projekt zur \u00dcbersetzung und Anpassung der franz\u00f6sischen Brosch\u00fcre entstand und wurde von ERN ReCONNET im Jahr 2021 gebilligt.<\/p><p>In den vergangenen Monaten wurde in Zusammenarbeit des Patientenberatungsnetzwerks von Lupus Europe mit Lupus spezialisierten \u00c4rzten und KATANA sant\u00e9 (Eigent\u00fcmer der 100-Fragen-Reihe) die Website erstellt, die Sie heute besuchen. Die Liste der Fragen wurde aktualisiert, um den aktuellen europ\u00e4ischen Gegebenheiten besser Rechnung zu tragen. Alle Antworten wurden erneut auf ihre Richtigkeit und Aktualit\u00e4t gepr\u00fcft. Die \u00dcbersetzungen wurden mit besonderer Sorgfalt angefertigt, um sowohl die Richtigkeit als auch die Lesbarkeit f\u00fcr Nicht-Muttersprachler zu gew\u00e4hrleisten. Wir hoffen, dass diese Lekt\u00fcre Ihnen helfen wird, Antworten auf Ihre Fragen zum Thema Lupus zu finden.<\/p>\t\t\t\t\t\t\t\t<\/div>\n\t\t\t\t<\/div>\n\t\t\t\t\t<\/div>\n\t\t<\/div>\n\t\t\t\t\t<\/div>\n\t\t<\/section>\n\t\t\t\t<section data-particle_enable=\"false\" data-particle-mobile-disabled=\"false\" class=\"elementor-section elementor-top-section elementor-element elementor-element-f6e7cf7 elementor-section-full_width elementor-reverse-mobile elementor-section-height-default elementor-section-height-default\" data-id=\"f6e7cf7\" data-element_type=\"section\" data-e-type=\"section\" data-settings=\"{&quot;jet_parallax_layout_list&quot;:[]}\">\n\t\t\t\t\t\t<div class=\"elementor-container elementor-column-gap-wide\">\n\t\t\t\t\t<div class=\"elementor-column elementor-col-50 elementor-top-column elementor-element elementor-element-b427b72 elementor-invisible\" data-id=\"b427b72\" data-element_type=\"column\" data-e-type=\"column\" data-settings=\"{&quot;animation&quot;:&quot;fadeInLeft&quot;}\">\n\t\t\t<div class=\"elementor-widget-wrap elementor-element-populated\">\n\t\t\t\t\t\t<div class=\"elementor-element elementor-element-a4e18bc elementor-widget elementor-widget-text-editor\" data-id=\"a4e18bc\" data-element_type=\"widget\" data-e-type=\"widget\" data-widget_type=\"text-editor.default\">\n\t\t\t\t<div class=\"elementor-widget-container\">\n\t\t\t\t\t\t\t\t\t<p>Unser Ziel ist es, diese Informationen in so viele europ\u00e4ische Sprachen wie m\u00f6glich zu \u00fcbersetzen und dabei eine maximale Abdeckung von<\/p><p>Patienten und \u00c4rzten anzustreben, wo immer wir eine qualitativ hochwertige \u00dcbersetzung und ein Korrekturlesen sowohl durch erfahrene \u00c4rzte als auch durch Patientenvertreter gew\u00e4hrleisten k\u00f6nnen. Wir hoffen, dass die Bereitstellung solcher Informationen im Internet in ihrer eigenen Sprache den Lupus-Patienten helfen wird, qualitativ hochwertige Antworten auf ihre Fragen zu erhalten und nicht mehr auf irref\u00fchrenden Websites oder in sozialen Netzwerken nach Antworten zu suchen, und dass sie den Haus\u00e4rzten, Krankenschwestern und anderen Angeh\u00f6rigen der Gesundheitsberufe helfen werden, ihr Wissen \u00fcber die Krankheit und ihre vielen Aspekte zu erweitern.<\/p>\t\t\t\t\t\t\t\t<\/div>\n\t\t\t\t<\/div>\n\t\t\t\t\t<\/div>\n\t\t<\/div>\n\t\t\t\t<div class=\"elementor-column elementor-col-50 elementor-top-column elementor-element elementor-element-6748e6e elementor-invisible\" data-id=\"6748e6e\" data-element_type=\"column\" data-e-type=\"column\" data-settings=\"{&quot;animation&quot;:&quot;fadeInRight&quot;}\">\n\t\t\t<div class=\"elementor-widget-wrap elementor-element-populated\">\n\t\t\t\t\t\t<div class=\"elementor-element elementor-element-53072b2 elementor-widget elementor-widget-image\" data-id=\"53072b2\" data-element_type=\"widget\" data-e-type=\"widget\" data-widget_type=\"image.default\">\n\t\t\t\t<div class=\"elementor-widget-container\">\n\t\t\t\t\t\t\t\t\t\t\t\t\t\t\t<img loading=\"lazy\" decoding=\"async\" width=\"1000\" height=\"667\" src=\"https:\/\/lupus100.org\/wp-content\/uploads\/2022\/07\/12.jpg\" class=\"attachment-full size-full wp-image-2285\" alt=\"\" srcset=\"https:\/\/lupus100.org\/wp-content\/uploads\/2022\/07\/12.jpg 1000w, https:\/\/lupus100.org\/wp-content\/uploads\/2022\/07\/12-300x200.jpg 300w, https:\/\/lupus100.org\/wp-content\/uploads\/2022\/07\/12-768x512.jpg 768w, https:\/\/lupus100.org\/wp-content\/uploads\/2022\/07\/12-595xh.jpg 595w\" sizes=\"(max-width: 1000px) 100vw, 1000px\" \/>\t\t\t\t\t\t\t\t\t\t\t\t\t\t\t<\/div>\n\t\t\t\t<\/div>\n\t\t\t\t\t<\/div>\n\t\t<\/div>\n\t\t\t\t\t<\/div>\n\t\t<\/section>\n\t\t\t\t<section data-particle_enable=\"false\" data-particle-mobile-disabled=\"false\" class=\"elementor-section elementor-top-section elementor-element elementor-element-81f2652 elementor-section-full_width elementor-section-height-default elementor-section-height-default\" data-id=\"81f2652\" data-element_type=\"section\" data-e-type=\"section\" data-settings=\"{&quot;jet_parallax_layout_list&quot;:[]}\">\n\t\t\t\t\t\t<div class=\"elementor-container elementor-column-gap-wide\">\n\t\t\t\t\t<div class=\"elementor-column elementor-col-50 elementor-top-column elementor-element elementor-element-7b0dd65 elementor-invisible\" data-id=\"7b0dd65\" data-element_type=\"column\" data-e-type=\"column\" data-settings=\"{&quot;animation&quot;:&quot;fadeInLeft&quot;}\">\n\t\t\t<div class=\"elementor-widget-wrap elementor-element-populated\">\n\t\t\t\t\t\t<div class=\"elementor-element elementor-element-979deed elementor-widget elementor-widget-image\" data-id=\"979deed\" data-element_type=\"widget\" data-e-type=\"widget\" data-widget_type=\"image.default\">\n\t\t\t\t<div class=\"elementor-widget-container\">\n\t\t\t\t\t\t\t\t\t\t\t\t\t\t\t<img loading=\"lazy\" decoding=\"async\" width=\"2560\" height=\"1050\" src=\"https:\/\/lupus100.org\/wp-content\/uploads\/2022\/05\/Header-Q100-scaled1.jpg\" class=\"attachment-full size-full wp-image-1023\" alt=\"\" srcset=\"https:\/\/lupus100.org\/wp-content\/uploads\/2022\/05\/Header-Q100-scaled1.jpg 2560w, https:\/\/lupus100.org\/wp-content\/uploads\/2022\/05\/Header-Q100-scaled1-300x123.jpg 300w, https:\/\/lupus100.org\/wp-content\/uploads\/2022\/05\/Header-Q100-scaled1-1024x420.jpg 1024w, https:\/\/lupus100.org\/wp-content\/uploads\/2022\/05\/Header-Q100-scaled1-768x315.jpg 768w, https:\/\/lupus100.org\/wp-content\/uploads\/2022\/05\/Header-Q100-scaled1-1536x630.jpg 1536w, https:\/\/lupus100.org\/wp-content\/uploads\/2022\/05\/Header-Q100-scaled1-2048x840.jpg 2048w, https:\/\/lupus100.org\/wp-content\/uploads\/2022\/05\/Header-Q100-scaled1-595xh.jpg 595w\" sizes=\"(max-width: 2560px) 100vw, 2560px\" \/>\t\t\t\t\t\t\t\t\t\t\t\t\t\t\t<\/div>\n\t\t\t\t<\/div>\n\t\t\t\t\t<\/div>\n\t\t<\/div>\n\t\t\t\t<div class=\"elementor-column elementor-col-50 elementor-top-column elementor-element elementor-element-85c10ed elementor-invisible\" data-id=\"85c10ed\" data-element_type=\"column\" data-e-type=\"column\" data-settings=\"{&quot;animation&quot;:&quot;fadeInRight&quot;}\">\n\t\t\t<div class=\"elementor-widget-wrap elementor-element-populated\">\n\t\t\t\t\t\t<div class=\"elementor-element elementor-element-e8e569f elementor-widget elementor-widget-text-editor\" data-id=\"e8e569f\" data-element_type=\"widget\" data-e-type=\"widget\" data-widget_type=\"text-editor.default\">\n\t\t\t\t<div class=\"elementor-widget-container\">\n\t\t\t\t\t\t\t\t\t<p>Zweitens w\u00e4re es naiv zu glauben, dass diese Liste von 100 Fragen alle Fragen, die man zum Thema Lupus haben k\u00f6nnte, ersch\u00f6pfend und f\u00fcr immer beantwortet, oder dass die gegebenen Antworten alle Probleme l\u00f6sen werden. Diese Informationen werden niemals das Gespr\u00e4ch zwischen dem Patienten und seinem Lupusarzt ersetzen.<\/p><p>Wir hoffen jedoch, dass sie die Patienten dazu ermutigen, ihre Fragen zu stellen und die notwendigen Klarstellungen zu erhalten. \nWir sind dabei, ein Verfahren einzurichten, um alle Antworten auf dem neuesten Stand zu halten und die Liste der Fragen zu aktualisieren, wenn sich neue Entwicklungen ergeben oder wir neue Fragen von unseren Lesern vorgeschlagen bekommen.<\/p><p>Wir hoffen, dass das vermittelte Grundwissen den Lesern, ob es sich nun um Menschen handelt, die mit Lupus leben, oder um Angeh\u00f6rige von Gesundheitsberufen, die mit der Krankheit konfrontiert sind, helfen wird, einen fruchtbaren und gut informierten Dialog mit Lupus-Experten oder Patientenorganisationen aufzunehmen, um ihr Wissen \u00fcber die Krankheit und ihre Kompetenzen im Umgang mit ihr zu erweitern.<\/p><p>Viel Spa\u00df beim Lesen!<\/p>\t\t\t\t\t\t\t\t<\/div>\n\t\t\t\t<\/div>\n\t\t\t\t\t<\/div>\n\t\t<\/div>\n\t\t\t\t\t<\/div>\n\t\t<\/section>\n\t\t\t\t<\/div>","protected":false},"excerpt":{"rendered":"<p>About 100 QUESTIONS People living with lupus and their relatives, nurses, medical students or even for non-specialist doctors are regularly confronted with questions about lupus About IN 100 QUESTIONS People living with lupus and their relatives, nurses, medical students or even for non-specialist doctors are regularly confronted with questions about lupus 100 QUESTIONS TO ASK [&hellip;]<\/p>\n","protected":false},"author":1,"featured_media":0,"parent":0,"menu_order":0,"comment_status":"closed","ping_status":"closed","template":"","meta":{"_acf_changed":false,"footnotes":""},"class_list":["post-2269","page","type-page","status-publish","hentry"],"acf":[],"_links":{"self":[{"href":"https:\/\/lupus100.org\/de\/wp-json\/wp\/v2\/pages\/2269","targetHints":{"allow":["GET"]}}],"collection":[{"href":"https:\/\/lupus100.org\/de\/wp-json\/wp\/v2\/pages"}],"about":[{"href":"https:\/\/lupus100.org\/de\/wp-json\/wp\/v2\/types\/page"}],"author":[{"embeddable":true,"href":"https:\/\/lupus100.org\/de\/wp-json\/wp\/v2\/users\/1"}],"replies":[{"embeddable":true,"href":"https:\/\/lupus100.org\/de\/wp-json\/wp\/v2\/comments?post=2269"}],"version-history":[{"count":38,"href":"https:\/\/lupus100.org\/de\/wp-json\/wp\/v2\/pages\/2269\/revisions"}],"predecessor-version":[{"id":3934,"href":"https:\/\/lupus100.org\/de\/wp-json\/wp\/v2\/pages\/2269\/revisions\/3934"}],"wp:attachment":[{"href":"https:\/\/lupus100.org\/de\/wp-json\/wp\/v2\/media?parent=2269"}],"curies":[{"name":"wp","href":"https:\/\/api.w.org\/{rel}","templated":true}]}}