{"id":2269,"date":"2022-07-29T01:04:25","date_gmt":"2022-07-29T01:04:25","guid":{"rendered":"https:\/\/lupus100.org\/?page_id=2269"},"modified":"2023-03-30T11:09:11","modified_gmt":"2023-03-30T11:09:11","slug":"about-lupus","status":"publish","type":"page","link":"https:\/\/lupus100.org\/da\/about-lupus","title":{"rendered":"About lupus"},"content":{"rendered":"<div data-elementor-type=\"wp-page\" data-elementor-id=\"2269\" class=\"elementor elementor-2269\" data-elementor-post-type=\"page\">\n\t\t\t\t\t\t<section data-particle_enable=\"false\" data-particle-mobile-disabled=\"false\" class=\"elementor-section elementor-top-section elementor-element elementor-element-08a78ea elementor-section-full_width elementor-hidden-mobile elementor-section-height-default elementor-section-height-default\" data-id=\"08a78ea\" data-element_type=\"section\" data-e-type=\"section\" data-settings=\"{&quot;background_background&quot;:&quot;classic&quot;,&quot;jet_parallax_layout_list&quot;:[]}\">\n\t\t\t\t\t\t<div class=\"elementor-container elementor-column-gap-default\">\n\t\t\t\t\t<div class=\"elementor-column elementor-col-33 elementor-top-column elementor-element elementor-element-c87a221 elementor-hidden-mobile\" data-id=\"c87a221\" data-element_type=\"column\" data-e-type=\"column\" data-settings=\"{&quot;background_background&quot;:&quot;classic&quot;}\">\n\t\t\t<div class=\"elementor-widget-wrap elementor-element-populated\">\n\t\t\t\t\t\t<div class=\"elementor-element elementor-element-2a0a2c0 elementor-widget elementor-widget-text-editor\" data-id=\"2a0a2c0\" data-element_type=\"widget\" data-e-type=\"widget\" data-widget_type=\"text-editor.default\">\n\t\t\t\t<div class=\"elementor-widget-container\">\n\t\t\t\t\t\t\t\t\t<p>OM<\/p>\t\t\t\t\t\t\t\t<\/div>\n\t\t\t\t<\/div>\n\t\t\t\t<div class=\"elementor-element elementor-element-3da3e7a elementor-widget elementor-widget-text-editor\" data-id=\"3da3e7a\" data-element_type=\"widget\" data-e-type=\"widget\" data-widget_type=\"text-editor.default\">\n\t\t\t\t<div class=\"elementor-widget-container\">\n\t\t\t\t\t\t\t\t\t100 SP\u00d8RGSM\u00c5L\t\t\t\t\t\t\t\t<\/div>\n\t\t\t\t<\/div>\n\t\t\t\t<div class=\"elementor-element elementor-element-2f9739c elementor-widget elementor-widget-text-editor\" data-id=\"2f9739c\" data-element_type=\"widget\" data-e-type=\"widget\" data-widget_type=\"text-editor.default\">\n\t\t\t\t<div class=\"elementor-widget-container\">\n\t\t\t\t\t\t\t\t\t<p>Mennesker med lupus og deres p\u00e5r\u00f8rende, sygeplejersker, medicinstuderende eller endda ikke-specialiserede l\u00e6ger bliver ofte konfronteret med sp\u00f8rgsm\u00e5l om lupus.<\/p>\t\t\t\t\t\t\t\t<\/div>\n\t\t\t\t<\/div>\n\t\t\t\t\t<\/div>\n\t\t<\/div>\n\t\t\t\t<div class=\"elementor-column elementor-col-33 elementor-top-column elementor-element elementor-element-89d68d0\" data-id=\"89d68d0\" data-element_type=\"column\" data-e-type=\"column\">\n\t\t\t<div class=\"elementor-widget-wrap\">\n\t\t\t\t\t\t\t<\/div>\n\t\t<\/div>\n\t\t\t\t<div class=\"elementor-column elementor-col-33 elementor-top-column elementor-element elementor-element-dccd80e\" data-id=\"dccd80e\" data-element_type=\"column\" data-e-type=\"column\">\n\t\t\t<div class=\"elementor-widget-wrap\">\n\t\t\t\t\t\t\t<\/div>\n\t\t<\/div>\n\t\t\t\t\t<\/div>\n\t\t<\/section>\n\t\t\t\t<section data-particle_enable=\"false\" data-particle-mobile-disabled=\"false\" class=\"elementor-section elementor-top-section elementor-element elementor-element-d724669 elementor-section-full_width elementor-hidden-widescreen elementor-hidden-desktop elementor-hidden-laptop elementor-hidden-tablet_extra elementor-hidden-tablet elementor-hidden-mobile_extra elementor-section-height-default elementor-section-height-default\" data-id=\"d724669\" data-element_type=\"section\" data-e-type=\"section\" data-settings=\"{&quot;background_background&quot;:&quot;classic&quot;,&quot;jet_parallax_layout_list&quot;:[]}\">\n\t\t\t\t\t\t<div class=\"elementor-container elementor-column-gap-default\">\n\t\t\t\t\t<div class=\"elementor-column elementor-col-50 elementor-top-column elementor-element elementor-element-01b0de5\" data-id=\"01b0de5\" data-element_type=\"column\" data-e-type=\"column\" data-settings=\"{&quot;background_background&quot;:&quot;classic&quot;}\">\n\t\t\t<div class=\"elementor-widget-wrap elementor-element-populated\">\n\t\t\t\t\t\t<div class=\"elementor-element elementor-element-0c27c5b elementor-widget elementor-widget-image\" data-id=\"0c27c5b\" data-element_type=\"widget\" data-e-type=\"widget\" data-widget_type=\"image.default\">\n\t\t\t\t<div class=\"elementor-widget-container\">\n\t\t\t\t\t\t\t\t\t\t\t\t\t\t\t<img fetchpriority=\"high\" decoding=\"async\" width=\"800\" height=\"291\" src=\"https:\/\/lupus100.org\/wp-content\/uploads\/2022\/05\/Header-Q100-scaled-1024x373.jpg\" class=\"attachment-large size-large wp-image-716\" alt=\"\" srcset=\"https:\/\/lupus100.org\/wp-content\/uploads\/2022\/05\/Header-Q100-scaled-1024x373.jpg 1024w, https:\/\/lupus100.org\/wp-content\/uploads\/2022\/05\/Header-Q100-scaled-300x109.jpg 300w, https:\/\/lupus100.org\/wp-content\/uploads\/2022\/05\/Header-Q100-scaled-768x280.jpg 768w, https:\/\/lupus100.org\/wp-content\/uploads\/2022\/05\/Header-Q100-scaled-1536x560.jpg 1536w, https:\/\/lupus100.org\/wp-content\/uploads\/2022\/05\/Header-Q100-scaled-2048x746.jpg 2048w, https:\/\/lupus100.org\/wp-content\/uploads\/2022\/05\/Header-Q100-scaled-595xh.jpg 595w\" sizes=\"(max-width: 800px) 100vw, 800px\" \/>\t\t\t\t\t\t\t\t\t\t\t\t\t\t\t<\/div>\n\t\t\t\t<\/div>\n\t\t\t\t\t<\/div>\n\t\t<\/div>\n\t\t\t\t<div class=\"elementor-column elementor-col-50 elementor-top-column elementor-element elementor-element-31062a7\" data-id=\"31062a7\" data-element_type=\"column\" data-e-type=\"column\" data-settings=\"{&quot;background_background&quot;:&quot;classic&quot;}\">\n\t\t\t<div class=\"elementor-widget-wrap elementor-element-populated\">\n\t\t\t\t\t\t<div class=\"elementor-element elementor-element-9997be6 elementor-widget elementor-widget-text-editor\" data-id=\"9997be6\" data-element_type=\"widget\" data-e-type=\"widget\" data-widget_type=\"text-editor.default\">\n\t\t\t\t<div class=\"elementor-widget-container\">\n\t\t\t\t\t\t\t\t\t<p>OM<\/p>\t\t\t\t\t\t\t\t<\/div>\n\t\t\t\t<\/div>\n\t\t\t\t<div class=\"elementor-element elementor-element-9998814 elementor-widget elementor-widget-text-editor\" data-id=\"9998814\" data-element_type=\"widget\" data-e-type=\"widget\" data-widget_type=\"text-editor.default\">\n\t\t\t\t<div class=\"elementor-widget-container\">\n\t\t\t\t\t\t\t\t\t<p>IN<\/p>\t\t\t\t\t\t\t\t<\/div>\n\t\t\t\t<\/div>\n\t\t\t\t<div class=\"elementor-element elementor-element-0ce763a elementor-widget elementor-widget-text-editor\" data-id=\"0ce763a\" data-element_type=\"widget\" data-e-type=\"widget\" data-widget_type=\"text-editor.default\">\n\t\t\t\t<div class=\"elementor-widget-container\">\n\t\t\t\t\t\t\t\t\t<h1>100 SP\u00d8RGSM\u00c5L<\/h1>\t\t\t\t\t\t\t\t<\/div>\n\t\t\t\t<\/div>\n\t\t\t\t<div class=\"elementor-element elementor-element-a1483b4 elementor-widget elementor-widget-text-editor\" data-id=\"a1483b4\" data-element_type=\"widget\" data-e-type=\"widget\" data-widget_type=\"text-editor.default\">\n\t\t\t\t<div class=\"elementor-widget-container\">\n\t\t\t\t\t\t\t\t\t<p>Mennesker med lupus og deres p\u00e5r\u00f8rende, sygeplejersker, medicinstuderende eller endda ikke-specialiserede l\u00e6ger bliver ofte konfronteret med sp\u00f8rgsm\u00e5l om lupus.<\/p>\t\t\t\t\t\t\t\t<\/div>\n\t\t\t\t<\/div>\n\t\t\t\t\t<\/div>\n\t\t<\/div>\n\t\t\t\t\t<\/div>\n\t\t<\/section>\n\t\t\t\t<section data-particle_enable=\"false\" data-particle-mobile-disabled=\"false\" class=\"elementor-section elementor-top-section elementor-element elementor-element-bac61f4 elementor-section-full_width elementor-section-height-default elementor-section-height-default\" data-id=\"bac61f4\" data-element_type=\"section\" data-e-type=\"section\" data-settings=\"{&quot;jet_parallax_layout_list&quot;:[]}\">\n\t\t\t\t\t\t<div class=\"elementor-container elementor-column-gap-default\">\n\t\t\t\t\t<div class=\"elementor-column elementor-col-100 elementor-top-column elementor-element elementor-element-cbddbfb elementor-invisible\" data-id=\"cbddbfb\" data-element_type=\"column\" data-e-type=\"column\" data-settings=\"{&quot;animation&quot;:&quot;fadeInLeft&quot;}\">\n\t\t\t<div class=\"elementor-widget-wrap elementor-element-populated\">\n\t\t\t\t\t\t<div class=\"elementor-element elementor-element-b34e740 elementor-widget elementor-widget-text-editor\" data-id=\"b34e740\" data-element_type=\"widget\" data-e-type=\"widget\" data-widget_type=\"text-editor.default\">\n\t\t\t\t<div class=\"elementor-widget-container\">\n\t\t\t\t\t\t\t\t\t<h3>100 SP\u00d8RGSM\u00c5L AT STILLE OM LUPUS<\/h3>\t\t\t\t\t\t\t\t<\/div>\n\t\t\t\t<\/div>\n\t\t\t\t\t<\/div>\n\t\t<\/div>\n\t\t\t\t\t<\/div>\n\t\t<\/section>\n\t\t\t\t<section data-particle_enable=\"false\" data-particle-mobile-disabled=\"false\" class=\"elementor-section elementor-top-section elementor-element elementor-element-ca9aca8 elementor-section-full_width elementor-reverse-mobile elementor-section-height-default elementor-section-height-default\" data-id=\"ca9aca8\" data-element_type=\"section\" data-e-type=\"section\" data-settings=\"{&quot;jet_parallax_layout_list&quot;:[]}\">\n\t\t\t\t\t\t<div class=\"elementor-container elementor-column-gap-wide\">\n\t\t\t\t\t<div class=\"elementor-column elementor-col-50 elementor-top-column elementor-element elementor-element-df163ec elementor-invisible\" data-id=\"df163ec\" data-element_type=\"column\" data-e-type=\"column\" data-settings=\"{&quot;animation&quot;:&quot;fadeInLeft&quot;}\">\n\t\t\t<div class=\"elementor-widget-wrap elementor-element-populated\">\n\t\t\t\t\t\t<div class=\"elementor-element elementor-element-baa6b3a elementor-widget elementor-widget-text-editor\" data-id=\"baa6b3a\" data-element_type=\"widget\" data-e-type=\"widget\" data-widget_type=\"text-editor.default\">\n\t\t\t\t<div class=\"elementor-widget-container\">\n\t\t\t\t\t\t\t\t\t<p>Mennesker med lupus og deres p\u00e5r\u00f8rende, sygeplejersker, medicinstuderende eller endda ikke-specialiserede l\u00e6ger bliver j\u00e6vnligt konfronteret med sp\u00f8rgsm\u00e5l om lupus, sygdommen med 1000 ansigter. Mens nogle mennesker har adgang til validerede oplysninger, ender alt for mange med at g\u00e5 p\u00e5 internettet, hvor \u201dfra mund-til-mund-informationer\u201d, ukontrollerede data, rygter eller ubekr\u00e6ftet forskning \u00f8ger deres forvirring, skaber angst eller endog f\u00f8rer dem til uhensigtsm\u00e6ssige handlinger.<\/p><p>Allerede i 2010 tog de franske referencecenter for lupus under ledelse af professor Maxime Dougados fat i dette problem med udgivelsen af h\u00e6ftet \"100 sp\u00f8rgsm\u00e5l om lupus\". H\u00e6ftet blev hurtigt en succes blandt patienter og patientforeninger i Frankrig og de fransktalende nabolande. Efterh\u00e5nden som kendskabet til lupus voksede, blev bogen opdateret ved flere lejligheder, hver gang i samarbejde mellem franske anerkendte lupuseksperter og patientforeninger.<\/p>\t\t\t\t\t\t\t\t<\/div>\n\t\t\t\t<\/div>\n\t\t\t\t\t<\/div>\n\t\t<\/div>\n\t\t\t\t<div class=\"elementor-column elementor-col-50 elementor-top-column elementor-element elementor-element-41f645a elementor-invisible\" data-id=\"41f645a\" data-element_type=\"column\" data-e-type=\"column\" data-settings=\"{&quot;animation&quot;:&quot;fadeInRight&quot;}\">\n\t\t\t<div class=\"elementor-widget-wrap elementor-element-populated\">\n\t\t\t\t\t\t<div class=\"elementor-element elementor-element-f7b4525 elementor-widget elementor-widget-image\" data-id=\"f7b4525\" data-element_type=\"widget\" data-e-type=\"widget\" data-widget_type=\"image.default\">\n\t\t\t\t<div class=\"elementor-widget-container\">\n\t\t\t\t\t\t\t\t\t\t\t\t\t\t\t<img decoding=\"async\" width=\"1920\" height=\"700\" src=\"https:\/\/lupus100.org\/wp-content\/uploads\/2022\/06\/Rectangle-78.jpg\" class=\"attachment-full size-full wp-image-1076\" alt=\"\" srcset=\"https:\/\/lupus100.org\/wp-content\/uploads\/2022\/06\/Rectangle-78.jpg 1920w, https:\/\/lupus100.org\/wp-content\/uploads\/2022\/06\/Rectangle-78-300x109.jpg 300w, https:\/\/lupus100.org\/wp-content\/uploads\/2022\/06\/Rectangle-78-1024x373.jpg 1024w, https:\/\/lupus100.org\/wp-content\/uploads\/2022\/06\/Rectangle-78-768x280.jpg 768w, https:\/\/lupus100.org\/wp-content\/uploads\/2022\/06\/Rectangle-78-1536x560.jpg 1536w, https:\/\/lupus100.org\/wp-content\/uploads\/2022\/06\/Rectangle-78-595xh.jpg 595w\" sizes=\"(max-width: 1920px) 100vw, 1920px\" \/>\t\t\t\t\t\t\t\t\t\t\t\t\t\t\t<\/div>\n\t\t\t\t<\/div>\n\t\t\t\t\t<\/div>\n\t\t<\/div>\n\t\t\t\t\t<\/div>\n\t\t<\/section>\n\t\t\t\t<section data-particle_enable=\"false\" data-particle-mobile-disabled=\"false\" class=\"elementor-section elementor-top-section elementor-element elementor-element-f90c984 elementor-section-full_width elementor-section-height-default elementor-section-height-default\" data-id=\"f90c984\" data-element_type=\"section\" data-e-type=\"section\" data-settings=\"{&quot;jet_parallax_layout_list&quot;:[]}\">\n\t\t\t\t\t\t<div class=\"elementor-container elementor-column-gap-wide\">\n\t\t\t\t\t<div class=\"elementor-column elementor-col-50 elementor-top-column elementor-element elementor-element-594a725 elementor-invisible\" data-id=\"594a725\" data-element_type=\"column\" data-e-type=\"column\" data-settings=\"{&quot;animation&quot;:&quot;fadeInLeft&quot;}\">\n\t\t\t<div class=\"elementor-widget-wrap elementor-element-populated\">\n\t\t\t\t\t\t<div class=\"elementor-element elementor-element-95c5ab7 elementor-widget elementor-widget-image\" data-id=\"95c5ab7\" data-element_type=\"widget\" data-e-type=\"widget\" data-widget_type=\"image.default\">\n\t\t\t\t<div class=\"elementor-widget-container\">\n\t\t\t\t\t\t\t\t\t\t\t\t\t\t\t<img decoding=\"async\" width=\"1024\" height=\"683\" src=\"https:\/\/lupus100.org\/wp-content\/uploads\/2022\/07\/13.jpg\" class=\"attachment-full size-full wp-image-2286\" alt=\"\" srcset=\"https:\/\/lupus100.org\/wp-content\/uploads\/2022\/07\/13.jpg 1024w, https:\/\/lupus100.org\/wp-content\/uploads\/2022\/07\/13-300x200.jpg 300w, https:\/\/lupus100.org\/wp-content\/uploads\/2022\/07\/13-768x512.jpg 768w, https:\/\/lupus100.org\/wp-content\/uploads\/2022\/07\/13-595xh.jpg 595w\" sizes=\"(max-width: 1024px) 100vw, 1024px\" \/>\t\t\t\t\t\t\t\t\t\t\t\t\t\t\t<\/div>\n\t\t\t\t<\/div>\n\t\t\t\t\t<\/div>\n\t\t<\/div>\n\t\t\t\t<div class=\"elementor-column elementor-col-50 elementor-top-column elementor-element elementor-element-00e15a6 elementor-invisible\" data-id=\"00e15a6\" data-element_type=\"column\" data-e-type=\"column\" data-settings=\"{&quot;animation&quot;:&quot;fadeInRight&quot;}\">\n\t\t\t<div class=\"elementor-widget-wrap elementor-element-populated\">\n\t\t\t\t\t\t<div class=\"elementor-element elementor-element-70fa008 elementor-widget elementor-widget-text-editor\" data-id=\"70fa008\" data-element_type=\"widget\" data-e-type=\"widget\" data-widget_type=\"text-editor.default\">\n\t\t\t\t<div class=\"elementor-widget-container\">\n\t\t\t\t\t\t\t\t\t<p>Lupus Europe er involveret i det europ\u00e6iske referencenetv\u00e6rk ReCONNET, der samler internationale f\u00f8rende eksperter i lupus og andre bindev\u00e6vssygdomme. P\u00e5 denne baggrund har Lupus Europe rejst behovet for at f\u00e5 lignende information til r\u00e5dighed i hele Europa, s\u00e5 alle mennesker, der lever med lupus i Europa, kan f\u00e5 adgang til kvalitetsinformation p\u00e5 et sprog, de forst\u00e5r. Projektet med at overs\u00e6tte og tilpasse det franske h\u00e6fte opstod og blev godkendt af ERN ReCONNET i 2021.<\/p><p>I l\u00f8bet af de seneste m\u00e5neder er der i samarbejde mellem Lupus Europe's Patient Advisory Network, l\u00e6ger med speciale i lupus og KATANA sant\u00e9 (ejer af 100-sp\u00f8rgsm\u00e5l-serien) blevet skabt det websted, som du er n\u00e5et frem til i dag. Listen med sp\u00f8rgsm\u00e5l er blevet opdateret for at tage hensyn til de aktuelle europ\u00e6iske forhold. Alle svar er p\u00e5 ny blevet kontrolleret for deres n\u00f8jagtighed og aktualitet. Overs\u00e6ttelserne er udf\u00f8rt med s\u00e6rlig omhu for at sikre b\u00e5de korrekthed og l\u00e6sbarhed for personer, der ikke har sproget som modersm\u00e5l. Vi h\u00e5ber, at l\u00e6sningen vil hj\u00e6lpe dig med at finde svar p\u00e5 dine sp\u00f8rgsm\u00e5l om lupus.<\/p>\t\t\t\t\t\t\t\t<\/div>\n\t\t\t\t<\/div>\n\t\t\t\t\t<\/div>\n\t\t<\/div>\n\t\t\t\t\t<\/div>\n\t\t<\/section>\n\t\t\t\t<section data-particle_enable=\"false\" data-particle-mobile-disabled=\"false\" class=\"elementor-section elementor-top-section elementor-element elementor-element-f6e7cf7 elementor-section-full_width elementor-reverse-mobile elementor-section-height-default elementor-section-height-default\" data-id=\"f6e7cf7\" data-element_type=\"section\" data-e-type=\"section\" data-settings=\"{&quot;jet_parallax_layout_list&quot;:[]}\">\n\t\t\t\t\t\t<div class=\"elementor-container elementor-column-gap-wide\">\n\t\t\t\t\t<div class=\"elementor-column elementor-col-50 elementor-top-column elementor-element elementor-element-b427b72 elementor-invisible\" data-id=\"b427b72\" data-element_type=\"column\" data-e-type=\"column\" data-settings=\"{&quot;animation&quot;:&quot;fadeInLeft&quot;}\">\n\t\t\t<div class=\"elementor-widget-wrap elementor-element-populated\">\n\t\t\t\t\t\t<div class=\"elementor-element elementor-element-a4e18bc elementor-widget elementor-widget-text-editor\" data-id=\"a4e18bc\" data-element_type=\"widget\" data-e-type=\"widget\" data-widget_type=\"text-editor.default\">\n\t\t\t\t<div class=\"elementor-widget-container\">\n\t\t\t\t\t\t\t\t\t<p>Hvad ang\u00e5r de n\u00e6ste trin, ser vi to n\u00f8gleomr\u00e5der i den igangv\u00e6rende udvikling:<\/p><p>Vores m\u00e5l er at overs\u00e6tte oplysningerne til s\u00e5 mange europ\u00e6iske sprog som muligt, idet vi tilstr\u00e6ber maksimal d\u00e6kning af patienter og l\u00e6ger, hvor vi kan sikre en overs\u00e6ttelse af h\u00f8j kvalitet og korrekturl\u00e6sning af b\u00e5de erfarne l\u00e6ger og patientrepr\u00e6sentanter. Vi h\u00e5ber, at ved at g\u00f8re oplysningerne tilg\u00e6ngelige p\u00e5 nettet p\u00e5 egne modersm\u00e5l vil hj\u00e6lpe mennesker, der lever med lupus, til at f\u00e5 kvalitetssvar p\u00e5 deres sp\u00f8rgsm\u00e5l og komme v\u00e6k fra at s\u00f8ge efter svar p\u00e5 misvisende websteder eller sociale netv\u00e6rk, og hj\u00e6lpe praktiserende l\u00e6ger, sygeplejersker og andre sundhedspersoner med at \u00f8ge deres viden om sygdommen og dens mange aspekter.<\/p>\t\t\t\t\t\t\t\t<\/div>\n\t\t\t\t<\/div>\n\t\t\t\t\t<\/div>\n\t\t<\/div>\n\t\t\t\t<div class=\"elementor-column elementor-col-50 elementor-top-column elementor-element elementor-element-6748e6e elementor-invisible\" data-id=\"6748e6e\" data-element_type=\"column\" data-e-type=\"column\" data-settings=\"{&quot;animation&quot;:&quot;fadeInRight&quot;}\">\n\t\t\t<div class=\"elementor-widget-wrap elementor-element-populated\">\n\t\t\t\t\t\t<div class=\"elementor-element elementor-element-53072b2 elementor-widget elementor-widget-image\" data-id=\"53072b2\" data-element_type=\"widget\" data-e-type=\"widget\" data-widget_type=\"image.default\">\n\t\t\t\t<div class=\"elementor-widget-container\">\n\t\t\t\t\t\t\t\t\t\t\t\t\t\t\t<img loading=\"lazy\" decoding=\"async\" width=\"1000\" height=\"667\" src=\"https:\/\/lupus100.org\/wp-content\/uploads\/2022\/07\/12.jpg\" class=\"attachment-full size-full wp-image-2285\" alt=\"\" srcset=\"https:\/\/lupus100.org\/wp-content\/uploads\/2022\/07\/12.jpg 1000w, https:\/\/lupus100.org\/wp-content\/uploads\/2022\/07\/12-300x200.jpg 300w, https:\/\/lupus100.org\/wp-content\/uploads\/2022\/07\/12-768x512.jpg 768w, https:\/\/lupus100.org\/wp-content\/uploads\/2022\/07\/12-595xh.jpg 595w\" sizes=\"(max-width: 1000px) 100vw, 1000px\" \/>\t\t\t\t\t\t\t\t\t\t\t\t\t\t\t<\/div>\n\t\t\t\t<\/div>\n\t\t\t\t\t<\/div>\n\t\t<\/div>\n\t\t\t\t\t<\/div>\n\t\t<\/section>\n\t\t\t\t<section data-particle_enable=\"false\" data-particle-mobile-disabled=\"false\" class=\"elementor-section elementor-top-section elementor-element elementor-element-81f2652 elementor-section-full_width elementor-section-height-default elementor-section-height-default\" data-id=\"81f2652\" data-element_type=\"section\" data-e-type=\"section\" data-settings=\"{&quot;jet_parallax_layout_list&quot;:[]}\">\n\t\t\t\t\t\t<div class=\"elementor-container elementor-column-gap-wide\">\n\t\t\t\t\t<div class=\"elementor-column elementor-col-50 elementor-top-column elementor-element elementor-element-7b0dd65 elementor-invisible\" data-id=\"7b0dd65\" data-element_type=\"column\" data-e-type=\"column\" data-settings=\"{&quot;animation&quot;:&quot;fadeInLeft&quot;}\">\n\t\t\t<div class=\"elementor-widget-wrap elementor-element-populated\">\n\t\t\t\t\t\t<div class=\"elementor-element elementor-element-979deed elementor-widget elementor-widget-image\" data-id=\"979deed\" data-element_type=\"widget\" data-e-type=\"widget\" data-widget_type=\"image.default\">\n\t\t\t\t<div class=\"elementor-widget-container\">\n\t\t\t\t\t\t\t\t\t\t\t\t\t\t\t<img loading=\"lazy\" decoding=\"async\" width=\"2560\" height=\"1050\" src=\"https:\/\/lupus100.org\/wp-content\/uploads\/2022\/05\/Header-Q100-scaled1.jpg\" class=\"attachment-full size-full wp-image-1023\" alt=\"\" srcset=\"https:\/\/lupus100.org\/wp-content\/uploads\/2022\/05\/Header-Q100-scaled1.jpg 2560w, https:\/\/lupus100.org\/wp-content\/uploads\/2022\/05\/Header-Q100-scaled1-300x123.jpg 300w, https:\/\/lupus100.org\/wp-content\/uploads\/2022\/05\/Header-Q100-scaled1-1024x420.jpg 1024w, https:\/\/lupus100.org\/wp-content\/uploads\/2022\/05\/Header-Q100-scaled1-768x315.jpg 768w, https:\/\/lupus100.org\/wp-content\/uploads\/2022\/05\/Header-Q100-scaled1-1536x630.jpg 1536w, https:\/\/lupus100.org\/wp-content\/uploads\/2022\/05\/Header-Q100-scaled1-2048x840.jpg 2048w, https:\/\/lupus100.org\/wp-content\/uploads\/2022\/05\/Header-Q100-scaled1-595xh.jpg 595w\" sizes=\"(max-width: 2560px) 100vw, 2560px\" \/>\t\t\t\t\t\t\t\t\t\t\t\t\t\t\t<\/div>\n\t\t\t\t<\/div>\n\t\t\t\t\t<\/div>\n\t\t<\/div>\n\t\t\t\t<div class=\"elementor-column elementor-col-50 elementor-top-column elementor-element elementor-element-85c10ed elementor-invisible\" data-id=\"85c10ed\" data-element_type=\"column\" data-e-type=\"column\" data-settings=\"{&quot;animation&quot;:&quot;fadeInRight&quot;}\">\n\t\t\t<div class=\"elementor-widget-wrap elementor-element-populated\">\n\t\t\t\t\t\t<div class=\"elementor-element elementor-element-e8e569f elementor-widget elementor-widget-text-editor\" data-id=\"e8e569f\" data-element_type=\"widget\" data-e-type=\"widget\" data-widget_type=\"text-editor.default\">\n\t\t\t\t<div class=\"elementor-widget-container\">\n\t\t\t\t\t\t\t\t\t<p>For det andet ville det v\u00e6re naivt at tro, at denne liste med 100 sp\u00f8rgsm\u00e5l \u00e9n gang for alle besvarer alle sp\u00f8rgsm\u00e5l om lupus, eller at de svar, der gives, vil l\u00f8se alle problemer. Oplysningerne kommer aldrig til at erstatte dialogen mellem patienten og lupusl\u00e6gen. Vi h\u00e5ber dog, at den vil tilskynde patienterne til at stille deres sp\u00f8rgsm\u00e5l og f\u00e5 de n\u00f8dvendige svar.<\/p><p>Fra vores side er vi i gang med at udvikle en proces til ajourf\u00f8relse af alle svar og opdatering af listen over sp\u00f8rgsm\u00e5l, efterh\u00e5nden som nye tiltag udvikles, eller vi f\u00e5r nye forslag til sp\u00f8rgsm\u00e5l fra vores l\u00e6sere.<\/p><p>Vi h\u00e5ber, at den grundl\u00e6ggende viden, som l\u00e6serne f\u00e5r, uanset om de er personer, der lever med lupus eller sundhedspersonale, der er konfronteret med sygdommen, vil hj\u00e6lpe med at indlede en frugtbar og velinformeret dialog med lupuseksperter eller patientorganisationer for at \u00f8ge viden om sygdommen og kompetencer til at h\u00e5ndtere den.<\/p><p>God l\u00e6selyst!<\/p>\t\t\t\t\t\t\t\t<\/div>\n\t\t\t\t<\/div>\n\t\t\t\t\t<\/div>\n\t\t<\/div>\n\t\t\t\t\t<\/div>\n\t\t<\/section>\n\t\t\t\t<\/div>","protected":false},"excerpt":{"rendered":"<p>About 100 QUESTIONS People living with lupus and their relatives, nurses, medical students or even for non-specialist doctors are regularly confronted with questions about lupus About IN 100 QUESTIONS People living with lupus and their relatives, nurses, medical students or even for non-specialist doctors are regularly confronted with questions about lupus 100 QUESTIONS TO ASK [&hellip;]<\/p>\n","protected":false},"author":1,"featured_media":0,"parent":0,"menu_order":0,"comment_status":"closed","ping_status":"closed","template":"","meta":{"_acf_changed":false,"footnotes":""},"class_list":["post-2269","page","type-page","status-publish","hentry"],"acf":[],"_links":{"self":[{"href":"https:\/\/lupus100.org\/da\/wp-json\/wp\/v2\/pages\/2269","targetHints":{"allow":["GET"]}}],"collection":[{"href":"https:\/\/lupus100.org\/da\/wp-json\/wp\/v2\/pages"}],"about":[{"href":"https:\/\/lupus100.org\/da\/wp-json\/wp\/v2\/types\/page"}],"author":[{"embeddable":true,"href":"https:\/\/lupus100.org\/da\/wp-json\/wp\/v2\/users\/1"}],"replies":[{"embeddable":true,"href":"https:\/\/lupus100.org\/da\/wp-json\/wp\/v2\/comments?post=2269"}],"version-history":[{"count":38,"href":"https:\/\/lupus100.org\/da\/wp-json\/wp\/v2\/pages\/2269\/revisions"}],"predecessor-version":[{"id":3934,"href":"https:\/\/lupus100.org\/da\/wp-json\/wp\/v2\/pages\/2269\/revisions\/3934"}],"wp:attachment":[{"href":"https:\/\/lupus100.org\/da\/wp-json\/wp\/v2\/media?parent=2269"}],"curies":[{"name":"wp","href":"https:\/\/api.w.org\/{rel}","templated":true}]}}