{"id":2269,"date":"2022-07-29T01:04:25","date_gmt":"2022-07-29T01:04:25","guid":{"rendered":"https:\/\/lupus100.org\/?page_id=2269"},"modified":"2023-03-30T11:09:11","modified_gmt":"2023-03-30T11:09:11","slug":"about-lupus","status":"publish","type":"page","link":"https:\/\/lupus100.org\/ca\/about-lupus","title":{"rendered":"About lupus"},"content":{"rendered":"<div data-elementor-type=\"wp-page\" data-elementor-id=\"2269\" class=\"elementor elementor-2269\" data-elementor-post-type=\"page\">\n\t\t\t\t\t\t<section data-particle_enable=\"false\" data-particle-mobile-disabled=\"false\" class=\"elementor-section elementor-top-section elementor-element elementor-element-08a78ea elementor-section-full_width elementor-hidden-mobile elementor-section-height-default elementor-section-height-default\" data-id=\"08a78ea\" data-element_type=\"section\" data-e-type=\"section\" data-settings=\"{&quot;background_background&quot;:&quot;classic&quot;,&quot;jet_parallax_layout_list&quot;:[]}\">\n\t\t\t\t\t\t<div class=\"elementor-container elementor-column-gap-default\">\n\t\t\t\t\t<div class=\"elementor-column elementor-col-33 elementor-top-column elementor-element elementor-element-c87a221 elementor-hidden-mobile\" data-id=\"c87a221\" data-element_type=\"column\" data-e-type=\"column\" data-settings=\"{&quot;background_background&quot;:&quot;classic&quot;}\">\n\t\t\t<div class=\"elementor-widget-wrap elementor-element-populated\">\n\t\t\t\t\t\t<div class=\"elementor-element elementor-element-2a0a2c0 elementor-widget elementor-widget-text-editor\" data-id=\"2a0a2c0\" data-element_type=\"widget\" data-e-type=\"widget\" data-widget_type=\"text-editor.default\">\n\t\t\t\t<div class=\"elementor-widget-container\">\n\t\t\t\t\t\t\t\t\t<p>Unes<\/p>\t\t\t\t\t\t\t\t<\/div>\n\t\t\t\t<\/div>\n\t\t\t\t<div class=\"elementor-element elementor-element-3da3e7a elementor-widget elementor-widget-text-editor\" data-id=\"3da3e7a\" data-element_type=\"widget\" data-e-type=\"widget\" data-widget_type=\"text-editor.default\">\n\t\t\t\t<div class=\"elementor-widget-container\">\n\t\t\t\t\t\t\t\t\t100 PREGUNTES\t\t\t\t\t\t\t\t<\/div>\n\t\t\t\t<\/div>\n\t\t\t\t<div class=\"elementor-element elementor-element-2f9739c elementor-widget elementor-widget-text-editor\" data-id=\"2f9739c\" data-element_type=\"widget\" data-e-type=\"widget\" data-widget_type=\"text-editor.default\">\n\t\t\t\t<div class=\"elementor-widget-container\">\n\t\t\t\t\t\t\t\t\t<p>Les persones que viuen amb lupus i els seus familiars, infermeres, estudiants de medicina o fins i tot metges no especialitzats s'enfronten regularment a preguntes sobre el lupus.<\/p>\t\t\t\t\t\t\t\t<\/div>\n\t\t\t\t<\/div>\n\t\t\t\t\t<\/div>\n\t\t<\/div>\n\t\t\t\t<div class=\"elementor-column elementor-col-33 elementor-top-column elementor-element elementor-element-89d68d0\" data-id=\"89d68d0\" data-element_type=\"column\" data-e-type=\"column\">\n\t\t\t<div class=\"elementor-widget-wrap\">\n\t\t\t\t\t\t\t<\/div>\n\t\t<\/div>\n\t\t\t\t<div class=\"elementor-column elementor-col-33 elementor-top-column elementor-element elementor-element-dccd80e\" data-id=\"dccd80e\" data-element_type=\"column\" data-e-type=\"column\">\n\t\t\t<div class=\"elementor-widget-wrap\">\n\t\t\t\t\t\t\t<\/div>\n\t\t<\/div>\n\t\t\t\t\t<\/div>\n\t\t<\/section>\n\t\t\t\t<section data-particle_enable=\"false\" data-particle-mobile-disabled=\"false\" class=\"elementor-section elementor-top-section elementor-element elementor-element-d724669 elementor-section-full_width elementor-hidden-widescreen elementor-hidden-desktop elementor-hidden-laptop elementor-hidden-tablet_extra elementor-hidden-tablet elementor-hidden-mobile_extra elementor-section-height-default elementor-section-height-default\" data-id=\"d724669\" data-element_type=\"section\" data-e-type=\"section\" data-settings=\"{&quot;background_background&quot;:&quot;classic&quot;,&quot;jet_parallax_layout_list&quot;:[]}\">\n\t\t\t\t\t\t<div class=\"elementor-container elementor-column-gap-default\">\n\t\t\t\t\t<div class=\"elementor-column elementor-col-50 elementor-top-column elementor-element elementor-element-01b0de5\" data-id=\"01b0de5\" data-element_type=\"column\" data-e-type=\"column\" data-settings=\"{&quot;background_background&quot;:&quot;classic&quot;}\">\n\t\t\t<div class=\"elementor-widget-wrap elementor-element-populated\">\n\t\t\t\t\t\t<div class=\"elementor-element elementor-element-0c27c5b elementor-widget elementor-widget-image\" data-id=\"0c27c5b\" data-element_type=\"widget\" data-e-type=\"widget\" data-widget_type=\"image.default\">\n\t\t\t\t<div class=\"elementor-widget-container\">\n\t\t\t\t\t\t\t\t\t\t\t\t\t\t\t<img fetchpriority=\"high\" decoding=\"async\" width=\"800\" height=\"291\" src=\"https:\/\/lupus100.org\/wp-content\/uploads\/2022\/05\/Header-Q100-scaled-1024x373.jpg\" class=\"attachment-large size-large wp-image-716\" alt=\"\" srcset=\"https:\/\/lupus100.org\/wp-content\/uploads\/2022\/05\/Header-Q100-scaled-1024x373.jpg 1024w, https:\/\/lupus100.org\/wp-content\/uploads\/2022\/05\/Header-Q100-scaled-300x109.jpg 300w, https:\/\/lupus100.org\/wp-content\/uploads\/2022\/05\/Header-Q100-scaled-768x280.jpg 768w, https:\/\/lupus100.org\/wp-content\/uploads\/2022\/05\/Header-Q100-scaled-1536x560.jpg 1536w, https:\/\/lupus100.org\/wp-content\/uploads\/2022\/05\/Header-Q100-scaled-2048x746.jpg 2048w, https:\/\/lupus100.org\/wp-content\/uploads\/2022\/05\/Header-Q100-scaled-595xh.jpg 595w\" sizes=\"(max-width: 800px) 100vw, 800px\" \/>\t\t\t\t\t\t\t\t\t\t\t\t\t\t\t<\/div>\n\t\t\t\t<\/div>\n\t\t\t\t\t<\/div>\n\t\t<\/div>\n\t\t\t\t<div class=\"elementor-column elementor-col-50 elementor-top-column elementor-element elementor-element-31062a7\" data-id=\"31062a7\" data-element_type=\"column\" data-e-type=\"column\" data-settings=\"{&quot;background_background&quot;:&quot;classic&quot;}\">\n\t\t\t<div class=\"elementor-widget-wrap elementor-element-populated\">\n\t\t\t\t\t\t<div class=\"elementor-element elementor-element-9997be6 elementor-widget elementor-widget-text-editor\" data-id=\"9997be6\" data-element_type=\"widget\" data-e-type=\"widget\" data-widget_type=\"text-editor.default\">\n\t\t\t\t<div class=\"elementor-widget-container\">\n\t\t\t\t\t\t\t\t\t<p>Unes<\/p>\t\t\t\t\t\t\t\t<\/div>\n\t\t\t\t<\/div>\n\t\t\t\t<div class=\"elementor-element elementor-element-9998814 elementor-widget elementor-widget-text-editor\" data-id=\"9998814\" data-element_type=\"widget\" data-e-type=\"widget\" data-widget_type=\"text-editor.default\">\n\t\t\t\t<div class=\"elementor-widget-container\">\n\t\t\t\t\t\t\t\t\t<p>IN<\/p>\t\t\t\t\t\t\t\t<\/div>\n\t\t\t\t<\/div>\n\t\t\t\t<div class=\"elementor-element elementor-element-0ce763a elementor-widget elementor-widget-text-editor\" data-id=\"0ce763a\" data-element_type=\"widget\" data-e-type=\"widget\" data-widget_type=\"text-editor.default\">\n\t\t\t\t<div class=\"elementor-widget-container\">\n\t\t\t\t\t\t\t\t\t<h1>100 PREGUNTES<\/h1>\t\t\t\t\t\t\t\t<\/div>\n\t\t\t\t<\/div>\n\t\t\t\t<div class=\"elementor-element elementor-element-a1483b4 elementor-widget elementor-widget-text-editor\" data-id=\"a1483b4\" data-element_type=\"widget\" data-e-type=\"widget\" data-widget_type=\"text-editor.default\">\n\t\t\t\t<div class=\"elementor-widget-container\">\n\t\t\t\t\t\t\t\t\t<p>Les persones que viuen amb lupus i els seus familiars, infermeres, estudiants de medicina o fins i tot metges no especialitzats s'enfronten regularment a preguntes sobre el lupus.<\/p>\t\t\t\t\t\t\t\t<\/div>\n\t\t\t\t<\/div>\n\t\t\t\t\t<\/div>\n\t\t<\/div>\n\t\t\t\t\t<\/div>\n\t\t<\/section>\n\t\t\t\t<section data-particle_enable=\"false\" data-particle-mobile-disabled=\"false\" class=\"elementor-section elementor-top-section elementor-element elementor-element-bac61f4 elementor-section-full_width elementor-section-height-default elementor-section-height-default\" data-id=\"bac61f4\" data-element_type=\"section\" data-e-type=\"section\" data-settings=\"{&quot;jet_parallax_layout_list&quot;:[]}\">\n\t\t\t\t\t\t<div class=\"elementor-container elementor-column-gap-default\">\n\t\t\t\t\t<div class=\"elementor-column elementor-col-100 elementor-top-column elementor-element elementor-element-cbddbfb elementor-invisible\" data-id=\"cbddbfb\" data-element_type=\"column\" data-e-type=\"column\" data-settings=\"{&quot;animation&quot;:&quot;fadeInLeft&quot;}\">\n\t\t\t<div class=\"elementor-widget-wrap elementor-element-populated\">\n\t\t\t\t\t\t<div class=\"elementor-element elementor-element-b34e740 elementor-widget elementor-widget-text-editor\" data-id=\"b34e740\" data-element_type=\"widget\" data-e-type=\"widget\" data-widget_type=\"text-editor.default\">\n\t\t\t\t<div class=\"elementor-widget-container\">\n\t\t\t\t\t\t\t\t\t<h3>100 PREGUNTES PER FER SOBRE LUPUS<\/h3>\t\t\t\t\t\t\t\t<\/div>\n\t\t\t\t<\/div>\n\t\t\t\t\t<\/div>\n\t\t<\/div>\n\t\t\t\t\t<\/div>\n\t\t<\/section>\n\t\t\t\t<section data-particle_enable=\"false\" data-particle-mobile-disabled=\"false\" class=\"elementor-section elementor-top-section elementor-element elementor-element-ca9aca8 elementor-section-full_width elementor-reverse-mobile elementor-section-height-default elementor-section-height-default\" data-id=\"ca9aca8\" data-element_type=\"section\" data-e-type=\"section\" data-settings=\"{&quot;jet_parallax_layout_list&quot;:[]}\">\n\t\t\t\t\t\t<div class=\"elementor-container elementor-column-gap-wide\">\n\t\t\t\t\t<div class=\"elementor-column elementor-col-50 elementor-top-column elementor-element elementor-element-df163ec elementor-invisible\" data-id=\"df163ec\" data-element_type=\"column\" data-e-type=\"column\" data-settings=\"{&quot;animation&quot;:&quot;fadeInLeft&quot;}\">\n\t\t\t<div class=\"elementor-widget-wrap elementor-element-populated\">\n\t\t\t\t\t\t<div class=\"elementor-element elementor-element-baa6b3a elementor-widget elementor-widget-text-editor\" data-id=\"baa6b3a\" data-element_type=\"widget\" data-e-type=\"widget\" data-widget_type=\"text-editor.default\">\n\t\t\t\t<div class=\"elementor-widget-container\">\n\t\t\t\t\t\t\t\t\t<p>Les persones que pateixen lupus i els seus familiars, infermeres, estudiants de medicina o, fins i tot, metges no especialitzats, sovint s'enfronten a preguntes relacionades amb aquesta afecci\u00f3, la malaltia de les 1000 cares. Mentre que alguns tindran acc\u00e9s a informaci\u00f3 validada, altres persones acudiran a Internet; on coses com el \"boca-orella\", les dades no contrastades, els rumors o les investigacions no confirmades, incrementaran la confusi\u00f3, produiran angoixa o, fins i tot, faran que els pacients prenguin decisions incorrectes.<\/p><p>El 2010, sota la direcci\u00f3 del professor Maxime Dougados, els centres francesos de refer\u00e8ncia sobre lupus van abordar aquest tema a trav\u00e9s de la publicaci\u00f3 del llibret 100 preguntes sobre el lupus. Aquest llibret va tenir una gran acollida entre les associacions de pacients i els mateixos pacients, tant a Fran\u00e7a com als pa\u00efsos ve\u00efns de parla francesa. A mesura que el coneixement sobre el lupus avan\u00e7ava, el llibre no es deixava d\u2019actualitzar, sempre gr\u00e0cies a la cooperaci\u00f3 entre experts francesos de renom en lupus i les associacions de pacients.<\/p>\t\t\t\t\t\t\t\t<\/div>\n\t\t\t\t<\/div>\n\t\t\t\t\t<\/div>\n\t\t<\/div>\n\t\t\t\t<div class=\"elementor-column elementor-col-50 elementor-top-column elementor-element elementor-element-41f645a elementor-invisible\" data-id=\"41f645a\" data-element_type=\"column\" data-e-type=\"column\" data-settings=\"{&quot;animation&quot;:&quot;fadeInRight&quot;}\">\n\t\t\t<div class=\"elementor-widget-wrap elementor-element-populated\">\n\t\t\t\t\t\t<div class=\"elementor-element elementor-element-f7b4525 elementor-widget elementor-widget-image\" data-id=\"f7b4525\" data-element_type=\"widget\" data-e-type=\"widget\" data-widget_type=\"image.default\">\n\t\t\t\t<div class=\"elementor-widget-container\">\n\t\t\t\t\t\t\t\t\t\t\t\t\t\t\t<img decoding=\"async\" width=\"1920\" height=\"700\" src=\"https:\/\/lupus100.org\/wp-content\/uploads\/2022\/06\/Rectangle-78.jpg\" class=\"attachment-full size-full wp-image-1076\" alt=\"\" srcset=\"https:\/\/lupus100.org\/wp-content\/uploads\/2022\/06\/Rectangle-78.jpg 1920w, https:\/\/lupus100.org\/wp-content\/uploads\/2022\/06\/Rectangle-78-300x109.jpg 300w, https:\/\/lupus100.org\/wp-content\/uploads\/2022\/06\/Rectangle-78-1024x373.jpg 1024w, https:\/\/lupus100.org\/wp-content\/uploads\/2022\/06\/Rectangle-78-768x280.jpg 768w, https:\/\/lupus100.org\/wp-content\/uploads\/2022\/06\/Rectangle-78-1536x560.jpg 1536w, https:\/\/lupus100.org\/wp-content\/uploads\/2022\/06\/Rectangle-78-595xh.jpg 595w\" sizes=\"(max-width: 1920px) 100vw, 1920px\" \/>\t\t\t\t\t\t\t\t\t\t\t\t\t\t\t<\/div>\n\t\t\t\t<\/div>\n\t\t\t\t\t<\/div>\n\t\t<\/div>\n\t\t\t\t\t<\/div>\n\t\t<\/section>\n\t\t\t\t<section data-particle_enable=\"false\" data-particle-mobile-disabled=\"false\" class=\"elementor-section elementor-top-section elementor-element elementor-element-f90c984 elementor-section-full_width elementor-section-height-default elementor-section-height-default\" data-id=\"f90c984\" data-element_type=\"section\" data-e-type=\"section\" data-settings=\"{&quot;jet_parallax_layout_list&quot;:[]}\">\n\t\t\t\t\t\t<div class=\"elementor-container elementor-column-gap-wide\">\n\t\t\t\t\t<div class=\"elementor-column elementor-col-50 elementor-top-column elementor-element elementor-element-594a725 elementor-invisible\" data-id=\"594a725\" data-element_type=\"column\" data-e-type=\"column\" data-settings=\"{&quot;animation&quot;:&quot;fadeInLeft&quot;}\">\n\t\t\t<div class=\"elementor-widget-wrap elementor-element-populated\">\n\t\t\t\t\t\t<div class=\"elementor-element elementor-element-95c5ab7 elementor-widget elementor-widget-image\" data-id=\"95c5ab7\" data-element_type=\"widget\" data-e-type=\"widget\" data-widget_type=\"image.default\">\n\t\t\t\t<div class=\"elementor-widget-container\">\n\t\t\t\t\t\t\t\t\t\t\t\t\t\t\t<img decoding=\"async\" width=\"1024\" height=\"683\" src=\"https:\/\/lupus100.org\/wp-content\/uploads\/2022\/07\/13.jpg\" class=\"attachment-full size-full wp-image-2286\" alt=\"\" srcset=\"https:\/\/lupus100.org\/wp-content\/uploads\/2022\/07\/13.jpg 1024w, https:\/\/lupus100.org\/wp-content\/uploads\/2022\/07\/13-300x200.jpg 300w, https:\/\/lupus100.org\/wp-content\/uploads\/2022\/07\/13-768x512.jpg 768w, https:\/\/lupus100.org\/wp-content\/uploads\/2022\/07\/13-595xh.jpg 595w\" sizes=\"(max-width: 1024px) 100vw, 1024px\" \/>\t\t\t\t\t\t\t\t\t\t\t\t\t\t\t<\/div>\n\t\t\t\t<\/div>\n\t\t\t\t\t<\/div>\n\t\t<\/div>\n\t\t\t\t<div class=\"elementor-column elementor-col-50 elementor-top-column elementor-element elementor-element-00e15a6 elementor-invisible\" data-id=\"00e15a6\" data-element_type=\"column\" data-e-type=\"column\" data-settings=\"{&quot;animation&quot;:&quot;fadeInRight&quot;}\">\n\t\t\t<div class=\"elementor-widget-wrap elementor-element-populated\">\n\t\t\t\t\t\t<div class=\"elementor-element elementor-element-70fa008 elementor-widget elementor-widget-text-editor\" data-id=\"70fa008\" data-element_type=\"widget\" data-e-type=\"widget\" data-widget_type=\"text-editor.default\">\n\t\t\t\t<div class=\"elementor-widget-container\">\n\t\t\t\t\t\t\t\t\t<p>Arran de participar en la xarxa europea de refer\u00e8ncia ReCONNET, que reuneix els principals experts internacionals en lupus i altres malalties de teixits connectius, Lupus Europe va plantejar la necessitat de disposar d'informaci\u00f3 similar no sols a Fran\u00e7a, sin\u00f3 a tot Europa; amb la intenci\u00f3 que totes les persones que viuen amb lupus a Europa puguin beneficiar-se d\u2019aquesta informaci\u00f3 de qualitat en un idioma que entenguin. El projecte de traduir i adaptar el llibret franc\u00e8s va sorgir i va ser supervisat per ERN ReCONNET el 2021.<\/p><p>Durant els \u00faltims mesos, la cooperaci\u00f3 entre la Xarxa d'Assessorament de Pacients de Lupus Europe, metges especialitzats en lupus i KATANA Sant\u00e9 (propiet\u00e0ria de la s\u00e8rie 100 preguntes), ha creat la p\u00e0gina web que avui presentem. La llista de preguntes s'ha actualitzat per a tenir m\u00e9s en compte la realitat europea actual. Totes les respostes s'han tornat a comprovar pel que fa a la seva precisi\u00f3 i actualitzaci\u00f3. Les traduccions s'han realitzat amb molta cura per garantir tant la correcci\u00f3 com la llegibilitat per part dels parlants no nadius. Esperem que aquesta lectura l\u2019ajudi a trobar les respostes a les seves preguntes relacionades amb el lupus.<\/p>\t\t\t\t\t\t\t\t<\/div>\n\t\t\t\t<\/div>\n\t\t\t\t\t<\/div>\n\t\t<\/div>\n\t\t\t\t\t<\/div>\n\t\t<\/section>\n\t\t\t\t<section data-particle_enable=\"false\" data-particle-mobile-disabled=\"false\" class=\"elementor-section elementor-top-section elementor-element elementor-element-f6e7cf7 elementor-section-full_width elementor-reverse-mobile elementor-section-height-default elementor-section-height-default\" data-id=\"f6e7cf7\" data-element_type=\"section\" data-e-type=\"section\" data-settings=\"{&quot;jet_parallax_layout_list&quot;:[]}\">\n\t\t\t\t\t\t<div class=\"elementor-container elementor-column-gap-wide\">\n\t\t\t\t\t<div class=\"elementor-column elementor-col-50 elementor-top-column elementor-element elementor-element-b427b72 elementor-invisible\" data-id=\"b427b72\" data-element_type=\"column\" data-e-type=\"column\" data-settings=\"{&quot;animation&quot;:&quot;fadeInLeft&quot;}\">\n\t\t\t<div class=\"elementor-widget-wrap elementor-element-populated\">\n\t\t\t\t\t\t<div class=\"elementor-element elementor-element-a4e18bc elementor-widget elementor-widget-text-editor\" data-id=\"a4e18bc\" data-element_type=\"widget\" data-e-type=\"widget\" data-widget_type=\"text-editor.default\">\n\t\t\t\t<div class=\"elementor-widget-container\">\n\t\t\t\t\t\t\t\t\t<p>Pel que fa als propers passos, veiem dues \u00e0rees clau de desenvolupament continu:<\/p><p>El nostre objectiu \u00e9s traduir aquesta informaci\u00f3 a totes les lleng\u00fces europees possibles, cercant la m\u00e0xima cobertura de pacients i metges, sempre que puguem garantir una traducci\u00f3 d'alta qualitat i una revisi\u00f3 tant per part de metges experimentats com de representants dels pacients. Esperem que el fet de disposar d\u2019aquesta informaci\u00f3 a la web en la vostra pr\u00f2pia llengua ajudi les persones que viuen amb lupus a obtenir respostes de qualitat a les seves preguntes; i que s'allunyin de la cerca de respostes en p\u00e0gines web o xarxes socials enganyoses, i ajudi a metges de cap\u00e7alera, infermeres i altres professionals sanitaris a incrementar el seu coneixement de la malaltia i els nombrosos aspectes que la comprenen.<\/p>\t\t\t\t\t\t\t\t<\/div>\n\t\t\t\t<\/div>\n\t\t\t\t\t<\/div>\n\t\t<\/div>\n\t\t\t\t<div class=\"elementor-column elementor-col-50 elementor-top-column elementor-element elementor-element-6748e6e elementor-invisible\" data-id=\"6748e6e\" data-element_type=\"column\" data-e-type=\"column\" data-settings=\"{&quot;animation&quot;:&quot;fadeInRight&quot;}\">\n\t\t\t<div class=\"elementor-widget-wrap elementor-element-populated\">\n\t\t\t\t\t\t<div class=\"elementor-element elementor-element-53072b2 elementor-widget elementor-widget-image\" data-id=\"53072b2\" data-element_type=\"widget\" data-e-type=\"widget\" data-widget_type=\"image.default\">\n\t\t\t\t<div class=\"elementor-widget-container\">\n\t\t\t\t\t\t\t\t\t\t\t\t\t\t\t<img loading=\"lazy\" decoding=\"async\" width=\"1000\" height=\"667\" src=\"https:\/\/lupus100.org\/wp-content\/uploads\/2022\/07\/12.jpg\" class=\"attachment-full size-full wp-image-2285\" alt=\"\" srcset=\"https:\/\/lupus100.org\/wp-content\/uploads\/2022\/07\/12.jpg 1000w, https:\/\/lupus100.org\/wp-content\/uploads\/2022\/07\/12-300x200.jpg 300w, https:\/\/lupus100.org\/wp-content\/uploads\/2022\/07\/12-768x512.jpg 768w, https:\/\/lupus100.org\/wp-content\/uploads\/2022\/07\/12-595xh.jpg 595w\" sizes=\"(max-width: 1000px) 100vw, 1000px\" \/>\t\t\t\t\t\t\t\t\t\t\t\t\t\t\t<\/div>\n\t\t\t\t<\/div>\n\t\t\t\t\t<\/div>\n\t\t<\/div>\n\t\t\t\t\t<\/div>\n\t\t<\/section>\n\t\t\t\t<section data-particle_enable=\"false\" data-particle-mobile-disabled=\"false\" class=\"elementor-section elementor-top-section elementor-element elementor-element-81f2652 elementor-section-full_width elementor-section-height-default elementor-section-height-default\" data-id=\"81f2652\" data-element_type=\"section\" data-e-type=\"section\" data-settings=\"{&quot;jet_parallax_layout_list&quot;:[]}\">\n\t\t\t\t\t\t<div class=\"elementor-container elementor-column-gap-wide\">\n\t\t\t\t\t<div class=\"elementor-column elementor-col-50 elementor-top-column elementor-element elementor-element-7b0dd65 elementor-invisible\" data-id=\"7b0dd65\" data-element_type=\"column\" data-e-type=\"column\" data-settings=\"{&quot;animation&quot;:&quot;fadeInLeft&quot;}\">\n\t\t\t<div class=\"elementor-widget-wrap elementor-element-populated\">\n\t\t\t\t\t\t<div class=\"elementor-element elementor-element-979deed elementor-widget elementor-widget-image\" data-id=\"979deed\" data-element_type=\"widget\" data-e-type=\"widget\" data-widget_type=\"image.default\">\n\t\t\t\t<div class=\"elementor-widget-container\">\n\t\t\t\t\t\t\t\t\t\t\t\t\t\t\t<img loading=\"lazy\" decoding=\"async\" width=\"2560\" height=\"1050\" src=\"https:\/\/lupus100.org\/wp-content\/uploads\/2022\/05\/Header-Q100-scaled1.jpg\" class=\"attachment-full size-full wp-image-1023\" alt=\"\" srcset=\"https:\/\/lupus100.org\/wp-content\/uploads\/2022\/05\/Header-Q100-scaled1.jpg 2560w, https:\/\/lupus100.org\/wp-content\/uploads\/2022\/05\/Header-Q100-scaled1-300x123.jpg 300w, https:\/\/lupus100.org\/wp-content\/uploads\/2022\/05\/Header-Q100-scaled1-1024x420.jpg 1024w, https:\/\/lupus100.org\/wp-content\/uploads\/2022\/05\/Header-Q100-scaled1-768x315.jpg 768w, https:\/\/lupus100.org\/wp-content\/uploads\/2022\/05\/Header-Q100-scaled1-1536x630.jpg 1536w, https:\/\/lupus100.org\/wp-content\/uploads\/2022\/05\/Header-Q100-scaled1-2048x840.jpg 2048w, https:\/\/lupus100.org\/wp-content\/uploads\/2022\/05\/Header-Q100-scaled1-595xh.jpg 595w\" sizes=\"(max-width: 2560px) 100vw, 2560px\" \/>\t\t\t\t\t\t\t\t\t\t\t\t\t\t\t<\/div>\n\t\t\t\t<\/div>\n\t\t\t\t\t<\/div>\n\t\t<\/div>\n\t\t\t\t<div class=\"elementor-column elementor-col-50 elementor-top-column elementor-element elementor-element-85c10ed elementor-invisible\" data-id=\"85c10ed\" data-element_type=\"column\" data-e-type=\"column\" data-settings=\"{&quot;animation&quot;:&quot;fadeInRight&quot;}\">\n\t\t\t<div class=\"elementor-widget-wrap elementor-element-populated\">\n\t\t\t\t\t\t<div class=\"elementor-element elementor-element-e8e569f elementor-widget elementor-widget-text-editor\" data-id=\"e8e569f\" data-element_type=\"widget\" data-e-type=\"widget\" data-widget_type=\"text-editor.default\">\n\t\t\t\t<div class=\"elementor-widget-container\">\n\t\t\t\t\t\t\t\t\t<p>En segon lloc, seria ingenu pensar que aquesta llista de 100 preguntes respon exhaustivament, i d'una vegada per sempre, a totes les preguntes que hom pugui tenir sobre el lupus; o que les respostes proporcionades en resoldran tots els dubtes. Aquest conjunt d'informaci\u00f3 mai substituir\u00e0 el di\u00e0leg entre el pacient i el seu metge especialista en lupus. Esperem que aix\u00f2 animi els pacients a plantejar les seves preguntes i a obtenir els aclariments que siguin necessaris.<\/p><p>Per part nostra, estem duent a terme un proc\u00e9s per a mantenir al dia totes les respostes i actualitzar la llista de preguntes a mesura que sorgeixin nous aven\u00e7os o amb el plantejament de noves preguntes que ens suggereixin els nostres lectors.<\/p><p>Pel que fa als lectors, b\u00e9 siguin persones que viuen amb lupus o b\u00e9 professionals sanitaris que fan front a la malaltia, esperem que els coneixements b\u00e0sics proporcionats els ajudin a obrir un di\u00e0leg fruct\u00edfer i ben documentat amb els experts en lupus o les organitzacions de pacients; amb la intenci\u00f3 que puguin incrementar el seu coneixement sobre la malaltia i les seves compet\u00e8ncies a l\u2019hora de gestionar-la.<\/p><p>Bona lectura!<\/p>\t\t\t\t\t\t\t\t<\/div>\n\t\t\t\t<\/div>\n\t\t\t\t\t<\/div>\n\t\t<\/div>\n\t\t\t\t\t<\/div>\n\t\t<\/section>\n\t\t\t\t<\/div>","protected":false},"excerpt":{"rendered":"<p>About 100 QUESTIONS People living with lupus and their relatives, nurses, medical students or even for non-specialist doctors are regularly confronted with questions about lupus About IN 100 QUESTIONS People living with lupus and their relatives, nurses, medical students or even for non-specialist doctors are regularly confronted with questions about lupus 100 QUESTIONS TO ASK [&hellip;]<\/p>\n","protected":false},"author":1,"featured_media":0,"parent":0,"menu_order":0,"comment_status":"closed","ping_status":"closed","template":"","meta":{"_acf_changed":false,"footnotes":""},"class_list":["post-2269","page","type-page","status-publish","hentry"],"acf":[],"_links":{"self":[{"href":"https:\/\/lupus100.org\/ca\/wp-json\/wp\/v2\/pages\/2269","targetHints":{"allow":["GET"]}}],"collection":[{"href":"https:\/\/lupus100.org\/ca\/wp-json\/wp\/v2\/pages"}],"about":[{"href":"https:\/\/lupus100.org\/ca\/wp-json\/wp\/v2\/types\/page"}],"author":[{"embeddable":true,"href":"https:\/\/lupus100.org\/ca\/wp-json\/wp\/v2\/users\/1"}],"replies":[{"embeddable":true,"href":"https:\/\/lupus100.org\/ca\/wp-json\/wp\/v2\/comments?post=2269"}],"version-history":[{"count":38,"href":"https:\/\/lupus100.org\/ca\/wp-json\/wp\/v2\/pages\/2269\/revisions"}],"predecessor-version":[{"id":3934,"href":"https:\/\/lupus100.org\/ca\/wp-json\/wp\/v2\/pages\/2269\/revisions\/3934"}],"wp:attachment":[{"href":"https:\/\/lupus100.org\/ca\/wp-json\/wp\/v2\/media?parent=2269"}],"curies":[{"name":"wp","href":"https:\/\/api.w.org\/{rel}","templated":true}]}}